{"id":297,"date":"2017-01-24T11:13:19","date_gmt":"2017-01-24T11:13:19","guid":{"rendered":"https:\/\/motors.stylemixthemes.com\/?page_id=297"},"modified":"2024-10-11T10:00:46","modified_gmt":"2024-10-11T09:00:46","slug":"bikes","status":"publish","type":"page","link":"https:\/\/swmove.com\/pt\/bikes\/","title":{"rendered":"Aluguer De Bicicletas"},"content":{"rendered":"<div class=\"wpb-content-wrapper\"><div class=\"vc_row wpb_row vc_row-fluid vc_custom_1485257114744\"><div class=\"wpb_column vc_column_container vc_col-sm-12 vc_col-lg-8\"><div class=\"vc_column-inner vc_custom_1485348846772\"><div class=\"wpb_wrapper\">\n\t<div class=\"wpb_text_column wpb_content_element vc_custom_1714742078677\" >\n\t\t<div class=\"wpb_wrapper\">\n\t\t\t<h2><span style=\"color: #328238;\">BICICLETAS <\/span>SERVI\u00c7O DE ALUGUER<\/h2>\n\n\t\t<\/div>\n\t<\/div>\n\n\t<div class=\"wpb_text_column wpb_content_element vc_custom_1714742264680\" >\n\t\t<div class=\"wpb_wrapper\">\n\t\t\t<p>\"Descubra a liberdade das duas rodas com o nosso aluguer de bicicletas! Se est\u00e1 a explorar as ruas da cidade ou bater os trilhos c\u00e9nicos, a nossa frota de bicicletas meticulosamente mantidas \u00e9 garatida. A partir de elegantes bicicletas de estrada, para o \u00e1vido ciclista resistente bicicletas de montanha para aventuras off-road, podemos atender a todos os pilotos. Pedale no seu caminho para mem\u00f3rias inesquec\u00edveis com o nosso servi\u00e7o de aluguer de bicicletas!\".<\/p>\n\n\t\t<\/div>\n\t<\/div>\n<h4 style=\"text-align: left\" class=\"vc_custom_heading vc_do_custom_heading vc_custom_1446703859040\" >OS NOSSOS SERVI\u00c7OS INCLUEM<\/h4><div class=\"vc_row wpb_row vc_inner vc_row-fluid vc_custom_1446703897866\"><div class=\"wpb_column vc_column_container vc_col-sm-6\"><div class=\"vc_column-inner\"><div class=\"wpb_wrapper\">\n\t<div class=\"wpb_text_column wpb_content_element\" >\n\t\t<div class=\"wpb_wrapper\">\n\t\t\t<ul class=\"list-style-1\">\n<li>Base De Alum\u00ednio\u00a0<em>com suspens\u00e3o<\/em><\/li>\n<li>Disco De Alum\u00ednio\u00a0<em>rodas 27,5&#034;<\/em><\/li>\n<li>Premium MTB\u00a0<em>roda de 29&#034;<\/em><\/li>\n<li>Junior<\/li>\n<li>Bicicletas De Cidade<\/li>\n<\/ul>\n\n\t\t<\/div>\n\t<\/div>\n<\/div><\/div><\/div><div class=\"wpb_column vc_column_container vc_col-sm-6\"><div class=\"vc_column-inner\"><div class=\"wpb_wrapper\">\n\t<div class=\"wpb_text_column wpb_content_element\" >\n\t\t<div class=\"wpb_wrapper\">\n\t\t\t<ul class=\"list-style-1\">\n<li>Bicicleta De Estrada\u00a0<em>Alum\u00ednio<\/em><\/li>\n<li>Bicicleta De Estrada\u00a0<em>De carbono<\/em><\/li>\n<li>Tandem\u00a0<em>2 Lugares<\/em><\/li>\n<li>E \u2013 Bike<\/li>\n<li>Kits De Ferramentas + Bombas + Bloqueios<\/li>\n<\/ul>\n\n\t\t<\/div>\n\t<\/div>\n<\/div><\/div><\/div><\/div>\n\t<div class=\"wpb_text_column wpb_content_element vc_custom_1714743676770\" >\n\t\t<div class=\"wpb_wrapper\">\n\t\t\t<p><span style=\"color: #888888; font-size: 13px;\">Connosco tamb\u00e9m pode reservar um aluguer de bicicleta, dispon\u00edvel na regi\u00e3o do Algarve.<br \/>\nAlugando uma bicicleta \u00e9 o caminho ideal para descobrir os segredos do Algarve a pedalar.<\/span><\/p>\n\n\t\t<\/div>\n\t<\/div>\n<\/div><\/div><\/div><div class=\"wpb_column vc_column_container vc_col-sm-4 vc_hidden-md vc_hidden-sm vc_hidden-xs\"><div class=\"vc_column-inner vc_custom_1485348823744\"><div class=\"wpb_wrapper\">\n\t<div class=\"wpb_single_image wpb_content_element vc_align_left  vc_custom_1714746967024\">\n\t\t<div class=\"wpb_wrapper\">\n\t\t\t\n\t\t\t<a class=\"stm_fancybox\" href=\"https:\/\/swmove.com\/wp-content\/uploads\/2024\/05\/bikerentals.png\" target=\"_self\"><div class=\"vc_single_image-wrapper   vc_box_border_grey\"><img decoding=\"async\" class=\"vc_single_image-img\" src=\"https:\/\/swmove.com\/wp-content\/uploads\/2024\/05\/bikerentals.png\" width=\"331\" height=\"601\" alt=\"bikerentals\" title=\"bikerentals\" loading=\"lazy\" \/><\/div><\/a>\n\t\t<\/div>\n\t<\/div>\n<\/div><\/div><\/div><\/div><div class=\"vc_row wpb_row vc_row-fluid\"><div class=\"wpb_column vc_column_container vc_col-sm-12\"><div class=\"vc_column-inner\"><div class=\"wpb_wrapper\"><div class=\"wpb_gmaps_widget wpb_content_element\"><div class=\"wpb_wrapper\"><div class=\"wpb_map_wraper\"><iframe src=\"https:\/\/www.google.com\/maps\/embed?pb=!1m18!1m12!1m3!1d3182.216279651908!2d-8.062471123719718!3d37.09996885074371!2m3!1f0!2f0!3f0!3m2!1i1024!2i768!4f13.1!3m3!1m2!1s0xd1ab13c253270ff%3A0x4a0fdc229f13901!2sS%20Bikes%20-%20Bike%20Shop%20%2F%20Rental%20Bike!5e0!3m2!1spt-PT!2spt!4v1728637177978!5m2!1spt-PT!2spt\" width=\"600\" height=\"450\" style=\"border:0;\" allowfullscreen=\"\" loading=\"lazy\" referrerpolicy=\"no-referrer-when-downgrade\"><\/iframe><\/div><\/div><\/div><\/div><\/div><\/div><\/div><div data-vc-full-width=\"true\" data-vc-full-width-init=\"false\" class=\"vc_row wpb_row vc_row-fluid vc_custom_1714744919143\"><div class=\"wpb_column vc_column_container vc_col-sm-12\"><div class=\"vc_column-inner\"><div class=\"wpb_wrapper\">\n<style>\n\t\n\t\n\t\t\t.cta_icon_class_ffffff::before {\n\t\t\tcolor: #ffffff;\n\t\t}\n\t<\/style>\n<div class=\"stm-call-to-action heading-font  vc_custom_1728637073064\" style=\"background-color:#328238\">\n\t<div class=\"clearfix\">\n\t\t<div class=\"call-to-action-content pull-left\">\n\t\t\t\t\t\t\t<div class=\"content\"\n\t\t\t\tstyle=\"color: #ffffff\"\t\t\t\t>\n\t\t\t\t\t\t\t\t\t\t\t\t\t\t\t\t<span style=\"color:#ffffff\">Tem uma Pergunta?<\/span>\n\t\t\t\t\t\t\t\t\t\tSinta-se livre para nos questionar...\t\t\t\t<\/div>\n\t\t\t\t\t<\/div>\n\t\t<div class=\"call-to-action-right\"\n\t\tstyle=\"color: #ffffff\"\t\t>\n\n\t\t\t\t\t\t\t<a class=\"button stm-button stm-button-rental\" href=\"https:\/\/swmove.com\/pt\/contact-us\/\" title=\"Fale Connosco\"\n\t\t\t\t\t>\n\n\t\t\t\t\t\t\t\t\t\t\t<i class=\"far fa-envelope cta_icon_class_ffffff\"><\/i>\n\t\t\t\t\t\n\t\t\t\t\t<span>Fale Connosco<\/span>\n\t\t\t\t<\/a>\n\t\t\t\n\t\t\t<div class=\"call-to-action-meta\"\n\t\t\tstyle=\"color: #ffffff\"\t\t\t>\n\t\t\t\t\t\t\t\t\t<div class=\"content\" style=\"color: #ffffff\">\n\t\t\t\t\t\t\t\t\t\t\t\t\t<i class=\"stm-icon-phone2\"><\/i>\n\t\t\t\t\t\t\t\t\t\t\t\t+351 924 003 937\t\t\t\t\t<\/div>\n\t\t\t\t\n\t\t\t<\/div>\n\t\t<\/div>\n\n\t<\/div>\n<\/div>\n<\/div><\/div><\/div><\/div><div class=\"vc_row-full-width\"><\/div>\n<\/div>","protected":false},"excerpt":{"rendered":"BIKE RENTAL SERVICE \"Discover the freedom of two wheels with our premium bike rentals! Whether you're exploring city streets or hitting the scenic trails, our fleet of meticulously maintained bikes has you covered. From sleek road bikes for the avid cyclist to sturdy mountain bikes for off-road adventures, we cater to all riders. Pedal your...","protected":false},"author":1,"featured_media":0,"parent":0,"menu_order":0,"comment_status":"closed","ping_status":"closed","template":"","meta":{"footnotes":""},"class_list":["post-297","page","type-page","status-publish","hentry"],"yoast_head":"<!-- This site is optimized with the Yoast SEO plugin v27.5 - https:\/\/yoast.com\/product\/yoast-seo-wordpress\/ -->\n<title>Bike Rental - SWmove Rent - A - Car<\/title>\n<meta name=\"robots\" content=\"index, follow, max-snippet:-1, max-image-preview:large, max-video-preview:-1\" \/>\n<link rel=\"canonical\" href=\"https:\/\/swmove.com\/pt\/bikes\/\" \/>\n<meta property=\"og:locale\" content=\"pt_PT\" \/>\n<meta property=\"og:type\" content=\"article\" \/>\n<meta property=\"og:title\" content=\"Bike Rental - SWmove Rent - A - Car\" \/>\n<meta property=\"og:url\" content=\"https:\/\/swmove.com\/pt\/bikes\/\" \/>\n<meta property=\"og:site_name\" content=\"SWmove\" \/>\n<meta property=\"article:modified_time\" content=\"2024-10-11T09:00:46+00:00\" \/>\n<meta name=\"twitter:card\" content=\"summary_large_image\" \/>\n<meta name=\"twitter:label1\" content=\"Tempo estimado de leitura\" \/>\n\t<meta name=\"twitter:data1\" content=\"3 minutos\" \/>\n<script type=\"application\/ld+json\" class=\"yoast-schema-graph\">{\"@context\":\"https:\\\/\\\/schema.org\",\"@graph\":[{\"@type\":\"WebPage\",\"@id\":\"https:\\\/\\\/swmove.com\\\/bikes\\\/\",\"url\":\"https:\\\/\\\/swmove.com\\\/bikes\\\/\",\"name\":\"Bike Rental - SWmove Rent - A - Car\",\"isPartOf\":{\"@id\":\"https:\\\/\\\/swmove.com\\\/#website\"},\"datePublished\":\"2017-01-24T11:13:19+00:00\",\"dateModified\":\"2024-10-11T09:00:46+00:00\",\"breadcrumb\":{\"@id\":\"https:\\\/\\\/swmove.com\\\/bikes\\\/#breadcrumb\"},\"inLanguage\":\"pt-PT\",\"potentialAction\":[{\"@type\":\"ReadAction\",\"target\":[\"https:\\\/\\\/swmove.com\\\/bikes\\\/\"]}]},{\"@type\":\"BreadcrumbList\",\"@id\":\"https:\\\/\\\/swmove.com\\\/bikes\\\/#breadcrumb\",\"itemListElement\":[{\"@type\":\"ListItem\",\"position\":1,\"name\":\"Home\",\"item\":\"https:\\\/\\\/swmove.com\\\/\"},{\"@type\":\"ListItem\",\"position\":2,\"name\":\"Bike Rental\"}]},{\"@type\":\"WebSite\",\"@id\":\"https:\\\/\\\/swmove.com\\\/#website\",\"url\":\"https:\\\/\\\/swmove.com\\\/\",\"name\":\"SWmove\",\"description\":\"\",\"publisher\":{\"@id\":\"https:\\\/\\\/swmove.com\\\/#organization\"},\"potentialAction\":[{\"@type\":\"SearchAction\",\"target\":{\"@type\":\"EntryPoint\",\"urlTemplate\":\"https:\\\/\\\/swmove.com\\\/?s={search_term_string}\"},\"query-input\":{\"@type\":\"PropertyValueSpecification\",\"valueRequired\":true,\"valueName\":\"search_term_string\"}}],\"inLanguage\":\"pt-PT\"},{\"@type\":\"Organization\",\"@id\":\"https:\\\/\\\/swmove.com\\\/#organization\",\"name\":\"SWmove\",\"url\":\"https:\\\/\\\/swmove.com\\\/\",\"logo\":{\"@type\":\"ImageObject\",\"inLanguage\":\"pt-PT\",\"@id\":\"https:\\\/\\\/swmove.com\\\/#\\\/schema\\\/logo\\\/image\\\/\",\"url\":\"https:\\\/\\\/swmove.com\\\/wp-content\\\/uploads\\\/2024\\\/05\\\/logo_color.png\",\"contentUrl\":\"https:\\\/\\\/swmove.com\\\/wp-content\\\/uploads\\\/2024\\\/05\\\/logo_color.png\",\"width\":294,\"height\":61,\"caption\":\"SWmove\"},\"image\":{\"@id\":\"https:\\\/\\\/swmove.com\\\/#\\\/schema\\\/logo\\\/image\\\/\"}}]}<\/script>\n<!-- \/ Yoast SEO plugin. -->","yoast_head_json":{"title":"Bike Rental - SWmove Rent - A - Car","robots":{"index":"index","follow":"follow","max-snippet":"max-snippet:-1","max-image-preview":"max-image-preview:large","max-video-preview":"max-video-preview:-1"},"canonical":"https:\/\/swmove.com\/pt\/bikes\/","og_locale":"pt_PT","og_type":"article","og_title":"Bike Rental - SWmove Rent - A - Car","og_url":"https:\/\/swmove.com\/pt\/bikes\/","og_site_name":"SWmove","article_modified_time":"2024-10-11T09:00:46+00:00","twitter_card":"summary_large_image","twitter_misc":{"Tempo estimado de leitura":"3 minutos"},"schema":{"@context":"https:\/\/schema.org","@graph":[{"@type":"WebPage","@id":"https:\/\/swmove.com\/bikes\/","url":"https:\/\/swmove.com\/bikes\/","name":"Bike Rental - SWmove Rent - A - Car","isPartOf":{"@id":"https:\/\/swmove.com\/#website"},"datePublished":"2017-01-24T11:13:19+00:00","dateModified":"2024-10-11T09:00:46+00:00","breadcrumb":{"@id":"https:\/\/swmove.com\/bikes\/#breadcrumb"},"inLanguage":"pt-PT","potentialAction":[{"@type":"ReadAction","target":["https:\/\/swmove.com\/bikes\/"]}]},{"@type":"BreadcrumbList","@id":"https:\/\/swmove.com\/bikes\/#breadcrumb","itemListElement":[{"@type":"ListItem","position":1,"name":"Home","item":"https:\/\/swmove.com\/"},{"@type":"ListItem","position":2,"name":"Bike Rental"}]},{"@type":"WebSite","@id":"https:\/\/swmove.com\/#website","url":"https:\/\/swmove.com\/","name":"SWmove","description":"","publisher":{"@id":"https:\/\/swmove.com\/#organization"},"potentialAction":[{"@type":"SearchAction","target":{"@type":"EntryPoint","urlTemplate":"https:\/\/swmove.com\/?s={search_term_string}"},"query-input":{"@type":"PropertyValueSpecification","valueRequired":true,"valueName":"search_term_string"}}],"inLanguage":"pt-PT"},{"@type":"Organization","@id":"https:\/\/swmove.com\/#organization","name":"SWmove","url":"https:\/\/swmove.com\/","logo":{"@type":"ImageObject","inLanguage":"pt-PT","@id":"https:\/\/swmove.com\/#\/schema\/logo\/image\/","url":"https:\/\/swmove.com\/wp-content\/uploads\/2024\/05\/logo_color.png","contentUrl":"https:\/\/swmove.com\/wp-content\/uploads\/2024\/05\/logo_color.png","width":294,"height":61,"caption":"SWmove"},"image":{"@id":"https:\/\/swmove.com\/#\/schema\/logo\/image\/"}}]}},"_links":{"self":[{"href":"https:\/\/swmove.com\/pt\/wp-json\/wp\/v2\/pages\/297","targetHints":{"allow":["GET"]}}],"collection":[{"href":"https:\/\/swmove.com\/pt\/wp-json\/wp\/v2\/pages"}],"about":[{"href":"https:\/\/swmove.com\/pt\/wp-json\/wp\/v2\/types\/page"}],"author":[{"embeddable":true,"href":"https:\/\/swmove.com\/pt\/wp-json\/wp\/v2\/users\/1"}],"replies":[{"embeddable":true,"href":"https:\/\/swmove.com\/pt\/wp-json\/wp\/v2\/comments?post=297"}],"version-history":[{"count":48,"href":"https:\/\/swmove.com\/pt\/wp-json\/wp\/v2\/pages\/297\/revisions"}],"predecessor-version":[{"id":914,"href":"https:\/\/swmove.com\/pt\/wp-json\/wp\/v2\/pages\/297\/revisions\/914"}],"wp:attachment":[{"href":"https:\/\/swmove.com\/pt\/wp-json\/wp\/v2\/media?parent=297"}],"curies":[{"name":"wp","href":"https:\/\/api.w.org\/{rel}","templated":true}]}}