{"id":3,"date":"2024-05-02T08:23:43","date_gmt":"2024-05-02T08:23:43","guid":{"rendered":"https:\/\/swmove.com\/?page_id=3"},"modified":"2025-04-03T16:01:00","modified_gmt":"2025-04-03T15:01:00","slug":"privacy-policy","status":"publish","type":"page","link":"https:\/\/swmove.com\/pt\/privacy-policy\/","title":{"rendered":"Pol\u00edtica De Privacidade"},"content":{"rendered":"<div class=\"wpb-content-wrapper\"><div class=\"vc_row wpb_row vc_row-fluid\"><div class=\"wpb_column vc_column_container vc_col-sm-12\"><div class=\"vc_column-inner\"><div class=\"wpb_wrapper\">\n\t<div class=\"wpb_text_column wpb_content_element\" >\n\t\t<div class=\"wpb_wrapper\">\n\t\t\t<h3>1. Objecto e \u00c2mbito da Pol\u00edtica de Privacidade<\/h3>\n<p>SW MOVE Rent a Car, doravante referido como SW MOVE(Success Work Move \u2013 Rent A Car, Lda, NIF 515289728), est\u00e1 fortemente empenhada em proteger a privacidade e a seguran\u00e7a de quem acessar e usar o seu website institucional e de reservas de carros online, em conformidade com as obriga\u00e7\u00f5es legais decorrentes do Geral de Prote\u00e7\u00e3o de Dados Regulamento (GDPR) e outra legisla\u00e7\u00e3o de protec\u00e7\u00e3o de dados.<\/p>\n<p>O nosso objetivo \u00e9 estabelecer princ\u00edpios orientadores para a correta e respons\u00e1vel utiliza\u00e7\u00e3o dos recursos tecnol\u00f3gicos, garantindo a salvaguarda da reputa\u00e7\u00e3o da SW MOVE, a seguran\u00e7a organizacional e prote\u00e7\u00e3o do utilizador.<\/p>\n<p>Leia atentamente esta Pol\u00edtica de Privacidade, uma vez que a sua rela\u00e7\u00e3o com a SW MOVE e o acesso ao seu site institucional e sistema de reserva de ve\u00edculos online implicam a aceita\u00e7\u00e3o pr\u00e9via e expressa das suas condi\u00e7\u00f5es. Ao aceder ao nosso website e sistema de reservas, autoriza a recolha e tratamento dos seus dados pessoais de acordo com as regras aqui definidas.<\/p>\n<h3>2. Princ\u00edpios gerais do Carro de Reserva de Utiliza\u00e7\u00e3o de Plataforma<\/h3>\n<h4>2.1 \u2013 \u00c2mbito de aplica\u00e7\u00e3o<\/h4>\n<p>Ao utilizar o website institucional e o sistema de reserva de autom\u00f3veis online da SW MOVE, doravante designado por \u201cPlataforma de Reserva de Autom\u00f3veis\u201d, o princ\u00edpio de utiliza\u00e7\u00e3o respons\u00e1vel aplica-se a todos os utilizadores. A SW MOVE reserva-se o direito de alterar estas condi\u00e7\u00f5es e tomar medidas caso determine que a utiliza\u00e7\u00e3o dos seus recursos tecnol\u00f3gicos n\u00e3o est\u00e1 de acordo com as diretrizes estabelecidas.<\/p>\n<p>N\u00e3o \u00e9 permitida a utiliza\u00e7\u00e3o da Plataforma de Reserva de Autom\u00f3veis para fins comerciais ou quaisquer outros fins incompat\u00edveis com os objetivos institucionais da SW MOVE.<\/p>\n<p>Espera-se que os utilizadores se comportem de acordo com as leis aplic\u00e1veis \u200b\u200be com esta pol\u00edtica. A ignor\u00e2ncia destas leis n\u00e3o justifica viola\u00e7\u00f5es.<\/p>\n<h4>2.2. Restri\u00e7\u00f5es<\/h4>\n<p>A utiliza\u00e7\u00e3o da Plataforma de Reserva de Autom\u00f3veis da SW MOVE n\u00e3o deve violar as normas estabelecidas ou as disposi\u00e7\u00f5es legais aplic\u00e1veis, especialmente as relacionadas com a ciberseguran\u00e7a, a prote\u00e7\u00e3o de dados pessoais e a cibercrime.<\/p>\n<p>A utiliza\u00e7\u00e3o respons\u00e1vel inclui evitar a\u00e7\u00f5es que possam interferir com outros utilizadores ou servi\u00e7os, sejam eles internos ou externos ao SW MOVE, tais como:<\/p>\n<ul>\n<li>Envolver-se em atividades ilegais ou ileg\u00edtimas.<\/li>\n<li>Desrespeitar a integridade f\u00edsica e moral de SW MOVE, os funcion\u00e1rios e o p\u00fablico.<\/li>\n<li>Criar, transmitir, ou acessar o conte\u00fado que infringe direitos de propriedade intelectual.<\/li>\n<li>A realiza\u00e7\u00e3o de actividades privadas, tais como cryptocurrency de minera\u00e7\u00e3o ou venda de servi\u00e7os\/produtos.<\/li>\n<li>Tentativa de acesso n\u00e3o autorizado ou a identifica\u00e7\u00e3o de vulnerabilidades do sistema.<\/li>\n<li>Qualquer a\u00e7\u00e3o que n\u00e3o seja mencionado anteriormente, que podem interferir com a seguran\u00e7a e o uso respons\u00e1vel de infra-estruturas.<\/li>\n<\/ul>\n<p>Os recursos fornecidos pela Plataforma de Reserva de Carro n\u00e3o podem ser vendidos, alugados ou transferidos para terceiros.<\/p>\n<p>A utiliza\u00e7\u00e3o n\u00e3o autorizada da Plataforma de Reserva de Autom\u00f3veis \u00e9 considerada utiliza\u00e7\u00e3o indevida e sujeita a procedimentos disciplinares e criminais.<\/p>\n<h4>2.3 Responsabilidade para a Plataforma de Reserva de Carro<\/h4>\n<p>Esta Pol\u00edtica aplica-se aos dados fornecidos diretamente pelo utilizador ou recolhidos durante o acesso \u00e0 Plataforma de Reserva de Autom\u00f3veis.<\/p>\n<p>A SW MOVE n\u00e3o pode aceitar responsabilidade por quaisquer perdas ou acesso n\u00e3o autorizado a informa\u00e7\u00f5es pessoais fora do seu controlo e n\u00e3o abrangidas por esta Pol\u00edtica.<\/p>\n<p>O SW MOVE nunca solicitar\u00e1 aos utilizadores que forne\u00e7am informa\u00e7\u00f5es pessoais ou de conta atrav\u00e9s de comunica\u00e7\u00e3o n\u00e3o solicitada. Os utilizadores s\u00e3o respons\u00e1veis \u200b\u200bpor manter as suas informa\u00e7\u00f5es pessoais e de conta seguras e n\u00e3o as partilhar com terceiros.<\/p>\n<p>A Plataforma de Reserva de Autom\u00f3veis pode conter liga\u00e7\u00f5es para outros websites, plataformas online e endere\u00e7os de e-mail de empresas n\u00e3o afiliadas \u00e0 SW MOVE. Esta Pol\u00edtica de Privacidade n\u00e3o se aplica a links de terceiros. Ao utilizar um link para um site\/plataforma de terceiros e ao fornecer dados pessoais, o tratamento dos dados estar\u00e1 sujeito \u00e0 declara\u00e7\u00e3o de privacidade do destinat\u00e1rio, n\u00e3o sendo da responsabilidade da SW MOVE.<\/p>\n<h3>3. Regulamento Geral de Prote\u00e7\u00e3o de Dados(RGPD)<\/h3>\n<p>O RGPD define as regras para o tratamento de dados pessoais e \u00e9 obrigat\u00f3rio para todas as organiza\u00e7\u00f5es p\u00fablicas e privadas da UE. Aplica-se tanto ao tratamento de dados automatizado como ao manual, independentemente da forma como os dados pessoais s\u00e3o armazenados.<\/p>\n<h4>3.1. Controlador De Dados<\/h4>\n<p>SW MOVER Alugar um Carro, com cart\u00e3o de contribuinte n\u00ba. ${NIPC}, localizado em ${Endere\u00e7o e C\u00f3digo Postal}, \u00e9 o &#034;Controlador de Dados&#034; de seus Dados Pessoais recolhidos e tratados atrav\u00e9s desta Plataforma de Reserva de Carro ou de nossas ag\u00eancias de aluguer.<\/p>\n<h4>3.2. Utilizadores<\/h4>\n<p>S\u00e3o considerados utilizadores da Plataforma de Reserva de Autom\u00f3veis da SW MOVE todos os indiv\u00edduos que introduzem os seus dados na plataforma para reservas de ve\u00edculos.<\/p>\n<p>Em conformidade com o RGPD, estes utilizadores s\u00e3o tamb\u00e9m designados como \u201csujeitos dos dados\u201d, exceto para as entidades cujos dados n\u00e3o constituem informa\u00e7\u00f5es sobre uma pessoa viva identificada ou identific\u00e1vel.<\/p>\n<p>A autoriza\u00e7\u00e3o de acesso \u00e0 Plataforma de Reserva de Autom\u00f3veis implica a aceita\u00e7\u00e3o desta pol\u00edtica, que se manter\u00e1 v\u00e1lida enquanto durar a rela\u00e7\u00e3o do utilizador com a SW MOVE ou os direitos de acesso. Esta autoriza\u00e7\u00e3o poder\u00e1 ser suspensa ou cancelada por motivos de n\u00e3o conformidade ou de seguran\u00e7a. As autoriza\u00e7\u00f5es s\u00e3o pessoais e intransmiss\u00edveis, devendo os utilizadores manter as suas credenciais de acesso confidenciais.<\/p>\n<h4>3.3 \u2013 Informa\u00e7\u00f5es Recolhidas e Finalidade<\/h4>\n<p>Os dados pessoais incluem qualquer informa\u00e7\u00e3o, independentemente da sua natureza ou suporte, relacionada com um indiv\u00edduo identificado ou identific\u00e1vel. Uma pessoa identific\u00e1vel pode ser identificada direta ou indiretamente, principalmente por refer\u00eancia a um identificador, como um n\u00famero de identifica\u00e7\u00e3o ou elementos espec\u00edficos da sua identidade.<\/p>\n<p>Para reservas de ve\u00edculos atrav\u00e9s da Plataforma de Reserva de Autom\u00f3veis, a SW MOVE recolhe os seguintes dados obrigat\u00f3rios:<\/p>\n<ul>\n<li>Data do voo de chegada<\/li>\n<li>Data do voo de retorno<\/li>\n<li>Localiza\u00e7\u00e3o do levantamento do veiculo (aeroporto ou localidade)<\/li>\n<li>N\u00famero do voo ou local de levantamento<\/li>\n<li>Local de entrega do ve\u00edculo (aeroporto ou localidade)<\/li>\n<li>N\u00famero do voo ou local de desembarque<\/li>\n<li>Tipo de cart\u00e3o de cr\u00e9dito (VISA, MASTERCARD, MAESTRO, DINERS, AMEX)<\/li>\n<li>Nome do portador do cart\u00e3o de cr\u00e9dito<\/li>\n<li>N\u00famero de cart\u00e3o de cr\u00e9dito<\/li>\n<li>C\u00f3digo de seguran\u00e7a do cart\u00e3o de cr\u00e9dito<\/li>\n<li>Data de validade do cart\u00e3o de cr\u00e9dito<\/li>\n<li>Nome do condutor<\/li>\n<li>Email do condutor<\/li>\n<li>Data de nascimento do condutor<\/li>\n<li>Resid\u00eancia fiscal do condutor<\/li>\n<li>Endere\u00e7o de resid\u00eancia em Portugal do condutor<\/li>\n<li>Contacto telef\u00f3nico do condutor<\/li>\n<li>N\u00famero do passaporte do condutor<\/li>\n<li>Local de emiss\u00e3o do passaporte do condutor<\/li>\n<li>Data de emiss\u00e3o do passaporte do condutor<\/li>\n<li>Data de validade do passaporte do condutor<\/li>\n<li>N\u00famero da carta de condu\u00e7\u00e3o<\/li>\n<li>Local de emiss\u00e3o da carta de condu\u00e7\u00e3o<\/li>\n<li>Data de emiss\u00e3o da carta de condu\u00e7\u00e3o<\/li>\n<li>Data de validade da carta de condu\u00e7\u00e3o<\/li>\n<\/ul>\n<p>A SW MOVE recolhe dados de navega\u00e7\u00e3o na Plataforma de Reserva de Autom\u00f3veis, incluindo endere\u00e7os IP, portas, protocolos, datas, horas, agente de utilizador do navegador e cookies.<\/p>\n<p>As informa\u00e7\u00f5es recolhidas s\u00e3o processadas para efeitos de relacionamento entre a SW MOVE e o titular dos dados, cumprindo as obriga\u00e7\u00f5es normativas\/legais e protegendo os direitos, interesses, propriedade e seguran\u00e7a da SW MOVE.<\/p>\n<p>A SW MOVE compromete-se a procurar o consentimento expresso antes de utilizar informa\u00e7\u00e3o para finalidades diferentes das expressamente declaradas nesta Pol\u00edtica.<\/p>\n<h4>3.4 \u2013 Processamento e Per\u00edodo de Reten\u00e7\u00e3o de Informa\u00e7\u00e3o<\/h4>\n<p>A SW MOVE compromete-se com o tratamento de dados legal, justo e transparente, recolhendo apenas as informa\u00e7\u00f5es necess\u00e1rias e pertinentes para a finalidade pretendida, retendo-as pelo per\u00edodo m\u00ednimo necess\u00e1rio e fornecendo acesso, atualiza\u00e7\u00e3o e elimina\u00e7\u00e3o conforme solicitado dentro das restri\u00e7\u00f5es legais.<\/p>\n<p>Os requisitos legais podem exigir a conserva\u00e7\u00e3o de dados por um per\u00edodo m\u00ednimo. Se n\u00e3o existir qualquer exig\u00eancia legal espec\u00edfica, os dados ser\u00e3o armazenados e retidos apenas durante o per\u00edodo m\u00ednimo necess\u00e1rio para o seu prop\u00f3sito de recolha ou tratamento, ap\u00f3s o qual ser\u00e3o eliminados ou tornados an\u00f3nimos, a menos que sejam retidos para um fim distinto e persistente.<\/p>\n<h4>3.5 \u2013 Direitos do Titular dos Dados<\/h4>\n<p>A SW MOVE garante que os titulares dos dados podem exercer os seguintes direitos:<\/p>\n<ul>\n<li><strong>O direito de ser informado<\/strong>: Os titulares dos dados t\u00eam o direito de obter informa\u00e7\u00f5es sobre os seus dados pessoais e o seu processamento.<\/li>\n<li><strong>Direito de acesso<\/strong>: Os titulares dos dados t\u00eam o direito de confirmar se os seus dados est\u00e3o a ser processados e acessem os seus dados pessoais e informa\u00e7\u00f5es relacionadas.<\/li>\n<li><strong>Direito de retifica\u00e7\u00e3o<\/strong>: Os titulares podem solicitar a corre\u00e7\u00e3o dos seus dados pessoais a qualquer momento.<\/li>\n<li><strong>Direito de elimina\u00e7\u00e3o<\/strong>: Os titulares dos dados podem solicitar a elimina\u00e7\u00e3o dos seus dados caso n\u00e3o existam motivos v\u00e1lidos para a utiliza\u00e7\u00e3o continuada ou caso a sua utiliza\u00e7\u00e3o seja ilegal.<\/li>\n<li><strong>Direito \u00e0 restri\u00e7\u00e3o de processamento<\/strong>: Os titulares dos dados podem solicitar a limita\u00e7\u00e3o do tratamento em situa\u00e7\u00f5es espec\u00edficas, tais como disputas sobre a precis\u00e3o dos dados ou o tratamento ilegal.<\/li>\n<li><strong>Direito \u00e0 portabilidade de dados<\/strong>: Os titulares dos dados podem receber os seus dados num formato estruturado, normalmente utilizado e leg\u00edvel por m\u00e1quina e solicitar a transmiss\u00e3o direta para outra organiza\u00e7\u00e3o.<\/li>\n<li><strong>Direito de oposi\u00e7\u00e3o<\/strong>: Os titulares dos dados podem opor-se ao tratamento dos dados, obrigando a SW MOVE a interromper o tratamento, a menos que existam motivos leg\u00edtimos imperiosos.<\/li>\n<\/ul>\n<p>Os titulares dos dados pode exercer os seus direitos atrav\u00e9s do envio de uma solicita\u00e7\u00e3o por escrito para:<\/p>\n<ul>\n<li>E-mail: ${e-mail da empresa}<\/li>\n<li>Endere\u00e7o: ${Endere\u00e7o e C\u00f3digo Postal}<\/li>\n<\/ul>\n<h4>3.6 \u2013 Partilha de Informa\u00e7\u00f5es Recolhidas<\/h4>\n<p>As informa\u00e7\u00f5es recolhidas n\u00e3o s\u00e3o partilhadas com terceiros sem o consentimento do titular dos dados, exceto em situa\u00e7\u00f5es espec\u00edficas:<\/p>\n<ul>\n<li>Para entidades p\u00fablicas, para fins estat\u00edsticos e de preven\u00e7\u00e3o de fraudes<\/li>\n<li>Obriga\u00e7\u00f5es legais que exigem a divulga\u00e7\u00e3o, em resposta \u00e0s autoridades judiciais ou administrativas<\/li>\n<\/ul>\n<p>Nestes casos, a partilha de dados ocorre quando a SW MOVE acredita, de boa-f\u00e9, que \u00e9 legalmente exigido e ap\u00f3s uma avalia\u00e7\u00e3o completa dos requisitos legais.<\/p>\n<p>A SW MOVE notificar\u00e1 os utilizadores quando poss\u00edvel e tomar\u00e1 as medidas razo\u00e1veis \u200b\u200bpara garantir que a utiliza\u00e7\u00e3o de dados de terceiros est\u00e1 alinhada com esta Pol\u00edtica de Privacidade. Os dados pessoais necess\u00e1rios \u00e0s fun\u00e7\u00f5es do utilizador n\u00e3o ser\u00e3o comercializados com terceiros.<\/p>\n<p>A SW MOVE tomar\u00e1 as medidas adequadas para proteger os dados pessoais transmitidos.<\/p>\n<h4>3.7 \u2013 Medidas T\u00e9cnicas, Organizacionais e de Seguran\u00e7a<\/h4>\n<p>A informa\u00e7\u00e3o recolhida ser\u00e1 processada apenas dentro das finalidades identificadas, de acordo com as pol\u00edticas internas da SW MOVE e utilizando medidas t\u00e9cnicas e organizacionais concebidas para os riscos associados.<\/p>\n<p>Periodicamente, a SW MOVE rev\u00ea as suas pol\u00edticas e procedimentos de seguran\u00e7a para garantir a seguran\u00e7a e prote\u00e7\u00e3o do sistema. No entanto, como a transmiss\u00e3o de informa\u00e7\u00e3o atrav\u00e9s da internet n\u00e3o \u00e9 totalmente segura, a SW MOVE n\u00e3o pode garantir a seguran\u00e7a dos dados transmitidos para a sua Plataforma de Sa\u00edda Profissional.<\/p>\n<h4>3.8 \u2013 N\u00e3o conformidade e resposta a incidentes<\/h4>\n<p>A equipa de resposta a incidentes da SW MOVE analisa os incidentes de seguran\u00e7a e os casos de incumprimento, notificando a gest\u00e3o e o infrator, se identificado, e pode suspender o acesso \u00e0 Plataforma de Reserva de Autom\u00f3veis ou tomar outras medidas de mitiga\u00e7\u00e3o. Os incidentes com dados pessoais s\u00e3o reportados ao Encarregado da Prote\u00e7\u00e3o de Dados.<\/p>\n<h4>3.9 \u2013 Transfer\u00eancia de dados para fora da Uni\u00e3o Europeia<\/h4>\n<p>Se os dados pessoais recolhidos pela SW MOVE forem partilhados com terceiros fora da UE, a SW MOVE garante que a transfer\u00eancia cumpre as disposi\u00e7\u00f5es legais, especialmente no que diz respeito \u00e0 adequa\u00e7\u00e3o da prote\u00e7\u00e3o de dados no pa\u00eds de destino e aos requisitos de transfer\u00eancia aplic\u00e1veis.<\/p>\n<p>As transfer\u00eancias para fora da UE ou para organiza\u00e7\u00f5es internacionais, em cumprimento de obriga\u00e7\u00f5es legais, s\u00e3o consideradas de interesse p\u00fablico, de acordo com a lei.<\/p>\n<h3>4. Contacto para sugest\u00f5es ou reclama\u00e7\u00f5es<\/h3>\n<p>Para d\u00favidas, reclama\u00e7\u00f5es ou coment\u00e1rios sobre esta Pol\u00edtica de Privacidade e a Reserva do Carro com a utiliza\u00e7\u00e3o de plataformas, por favor, enviar um pedido por escrito para:<\/p>\n<ul>\n<li>E-mail: ${e-mail da empresa}<\/li>\n<li>Endere\u00e7o: ${Endere\u00e7o e C\u00f3digo Postal}<\/li>\n<\/ul>\n<p>Sem preju\u00edzo de outros recursos administrativos ou judiciais, os utilizadores podem apresentar reclama\u00e7\u00e3o \u00e0 Comiss\u00e3o Nacional de Prote\u00e7\u00e3o de Dados ou a outra autoridade de controlo competente, caso entendam que o tratamento de dados efetuado pela SW MOVE viola as normas legais em vigor.<\/p>\n<h3>5. Altera\u00e7\u00f5es \u00e0 Pol\u00edtica de Privacidade<\/h3>\n<p>A SW MOVE poder\u00e1 modificar a presente Pol\u00edtica de Privacidade, sendo que as altera\u00e7\u00f5es entrar\u00e3o em vigor 30 dias ap\u00f3s a publica\u00e7\u00e3o no site institucional.<\/p>\n<p>A SW MOVE incentiva a revis\u00e3o peri\u00f3dica desta Pol\u00edtica de Privacidade para atualiza\u00e7\u00f5es.<\/p>\n\n\t\t<\/div>\n\t<\/div>\n<\/div><\/div><\/div><\/div>\n<\/div>","protected":false},"excerpt":{"rendered":"1. Object and Scope of the Privacy Policy SW MOVE Rent a Car, hereinafter referred to as SW MOVE(Success Work Move - Rent A Car, Lda, VAT 515289728), is strongly committed to protecting the privacy and security of those who access and use its institutional website and online car reservation system, in compliance with the...","protected":false},"author":1,"featured_media":0,"parent":0,"menu_order":0,"comment_status":"closed","ping_status":"closed","template":"","meta":{"footnotes":""},"class_list":["post-3","page","type-page","status-publish","hentry"],"yoast_head":"<!-- This site is optimized with the Yoast SEO plugin v27.5 - https:\/\/yoast.com\/product\/yoast-seo-wordpress\/ -->\n<title>Privacy Policy - SWmove<\/title>\n<meta name=\"robots\" content=\"index, follow, max-snippet:-1, max-image-preview:large, max-video-preview:-1\" \/>\n<link rel=\"canonical\" href=\"https:\/\/swmove.com\/pt\/privacy-policy\/\" \/>\n<meta property=\"og:locale\" content=\"pt_PT\" \/>\n<meta property=\"og:type\" content=\"article\" \/>\n<meta property=\"og:title\" content=\"Privacy Policy - SWmove\" \/>\n<meta property=\"og:url\" content=\"https:\/\/swmove.com\/pt\/privacy-policy\/\" \/>\n<meta property=\"og:site_name\" content=\"SWmove\" \/>\n<meta property=\"article:modified_time\" content=\"2025-04-03T15:01:00+00:00\" \/>\n<meta name=\"twitter:card\" content=\"summary_large_image\" \/>\n<meta name=\"twitter:label1\" content=\"Tempo estimado de leitura\" \/>\n\t<meta name=\"twitter:data1\" content=\"8 minutos\" \/>\n<script type=\"application\/ld+json\" class=\"yoast-schema-graph\">{\"@context\":\"https:\\\/\\\/schema.org\",\"@graph\":[{\"@type\":\"WebPage\",\"@id\":\"https:\\\/\\\/swmove.com\\\/privacy-policy\\\/\",\"url\":\"https:\\\/\\\/swmove.com\\\/privacy-policy\\\/\",\"name\":\"Privacy Policy - SWmove\",\"isPartOf\":{\"@id\":\"https:\\\/\\\/swmove.com\\\/#website\"},\"datePublished\":\"2024-05-02T08:23:43+00:00\",\"dateModified\":\"2025-04-03T15:01:00+00:00\",\"breadcrumb\":{\"@id\":\"https:\\\/\\\/swmove.com\\\/privacy-policy\\\/#breadcrumb\"},\"inLanguage\":\"pt-PT\",\"potentialAction\":[{\"@type\":\"ReadAction\",\"target\":[\"https:\\\/\\\/swmove.com\\\/privacy-policy\\\/\"]}]},{\"@type\":\"BreadcrumbList\",\"@id\":\"https:\\\/\\\/swmove.com\\\/privacy-policy\\\/#breadcrumb\",\"itemListElement\":[{\"@type\":\"ListItem\",\"position\":1,\"name\":\"Home\",\"item\":\"https:\\\/\\\/swmove.com\\\/\"},{\"@type\":\"ListItem\",\"position\":2,\"name\":\"Privacy Policy\"}]},{\"@type\":\"WebSite\",\"@id\":\"https:\\\/\\\/swmove.com\\\/#website\",\"url\":\"https:\\\/\\\/swmove.com\\\/\",\"name\":\"SWmove\",\"description\":\"\",\"publisher\":{\"@id\":\"https:\\\/\\\/swmove.com\\\/#organization\"},\"potentialAction\":[{\"@type\":\"SearchAction\",\"target\":{\"@type\":\"EntryPoint\",\"urlTemplate\":\"https:\\\/\\\/swmove.com\\\/?s={search_term_string}\"},\"query-input\":{\"@type\":\"PropertyValueSpecification\",\"valueRequired\":true,\"valueName\":\"search_term_string\"}}],\"inLanguage\":\"pt-PT\"},{\"@type\":\"Organization\",\"@id\":\"https:\\\/\\\/swmove.com\\\/#organization\",\"name\":\"SWmove\",\"url\":\"https:\\\/\\\/swmove.com\\\/\",\"logo\":{\"@type\":\"ImageObject\",\"inLanguage\":\"pt-PT\",\"@id\":\"https:\\\/\\\/swmove.com\\\/#\\\/schema\\\/logo\\\/image\\\/\",\"url\":\"https:\\\/\\\/swmove.com\\\/wp-content\\\/uploads\\\/2024\\\/05\\\/logo_color.png\",\"contentUrl\":\"https:\\\/\\\/swmove.com\\\/wp-content\\\/uploads\\\/2024\\\/05\\\/logo_color.png\",\"width\":294,\"height\":61,\"caption\":\"SWmove\"},\"image\":{\"@id\":\"https:\\\/\\\/swmove.com\\\/#\\\/schema\\\/logo\\\/image\\\/\"}}]}<\/script>\n<!-- \/ Yoast SEO plugin. -->","yoast_head_json":{"title":"Privacy Policy - SWmove","robots":{"index":"index","follow":"follow","max-snippet":"max-snippet:-1","max-image-preview":"max-image-preview:large","max-video-preview":"max-video-preview:-1"},"canonical":"https:\/\/swmove.com\/pt\/privacy-policy\/","og_locale":"pt_PT","og_type":"article","og_title":"Privacy Policy - SWmove","og_url":"https:\/\/swmove.com\/pt\/privacy-policy\/","og_site_name":"SWmove","article_modified_time":"2025-04-03T15:01:00+00:00","twitter_card":"summary_large_image","twitter_misc":{"Tempo estimado de leitura":"8 minutos"},"schema":{"@context":"https:\/\/schema.org","@graph":[{"@type":"WebPage","@id":"https:\/\/swmove.com\/privacy-policy\/","url":"https:\/\/swmove.com\/privacy-policy\/","name":"Privacy Policy - SWmove","isPartOf":{"@id":"https:\/\/swmove.com\/#website"},"datePublished":"2024-05-02T08:23:43+00:00","dateModified":"2025-04-03T15:01:00+00:00","breadcrumb":{"@id":"https:\/\/swmove.com\/privacy-policy\/#breadcrumb"},"inLanguage":"pt-PT","potentialAction":[{"@type":"ReadAction","target":["https:\/\/swmove.com\/privacy-policy\/"]}]},{"@type":"BreadcrumbList","@id":"https:\/\/swmove.com\/privacy-policy\/#breadcrumb","itemListElement":[{"@type":"ListItem","position":1,"name":"Home","item":"https:\/\/swmove.com\/"},{"@type":"ListItem","position":2,"name":"Privacy Policy"}]},{"@type":"WebSite","@id":"https:\/\/swmove.com\/#website","url":"https:\/\/swmove.com\/","name":"SWmove","description":"","publisher":{"@id":"https:\/\/swmove.com\/#organization"},"potentialAction":[{"@type":"SearchAction","target":{"@type":"EntryPoint","urlTemplate":"https:\/\/swmove.com\/?s={search_term_string}"},"query-input":{"@type":"PropertyValueSpecification","valueRequired":true,"valueName":"search_term_string"}}],"inLanguage":"pt-PT"},{"@type":"Organization","@id":"https:\/\/swmove.com\/#organization","name":"SWmove","url":"https:\/\/swmove.com\/","logo":{"@type":"ImageObject","inLanguage":"pt-PT","@id":"https:\/\/swmove.com\/#\/schema\/logo\/image\/","url":"https:\/\/swmove.com\/wp-content\/uploads\/2024\/05\/logo_color.png","contentUrl":"https:\/\/swmove.com\/wp-content\/uploads\/2024\/05\/logo_color.png","width":294,"height":61,"caption":"SWmove"},"image":{"@id":"https:\/\/swmove.com\/#\/schema\/logo\/image\/"}}]}},"_links":{"self":[{"href":"https:\/\/swmove.com\/pt\/wp-json\/wp\/v2\/pages\/3","targetHints":{"allow":["GET"]}}],"collection":[{"href":"https:\/\/swmove.com\/pt\/wp-json\/wp\/v2\/pages"}],"about":[{"href":"https:\/\/swmove.com\/pt\/wp-json\/wp\/v2\/types\/page"}],"author":[{"embeddable":true,"href":"https:\/\/swmove.com\/pt\/wp-json\/wp\/v2\/users\/1"}],"replies":[{"embeddable":true,"href":"https:\/\/swmove.com\/pt\/wp-json\/wp\/v2\/comments?post=3"}],"version-history":[{"count":4,"href":"https:\/\/swmove.com\/pt\/wp-json\/wp\/v2\/pages\/3\/revisions"}],"predecessor-version":[{"id":969,"href":"https:\/\/swmove.com\/pt\/wp-json\/wp\/v2\/pages\/3\/revisions\/969"}],"wp:attachment":[{"href":"https:\/\/swmove.com\/pt\/wp-json\/wp\/v2\/media?parent=3"}],"curies":[{"name":"wp","href":"https:\/\/api.w.org\/{rel}","templated":true}]}}