{"id":311,"date":"2017-01-24T11:40:35","date_gmt":"2017-01-24T11:40:35","guid":{"rendered":"https:\/\/motors.stylemixthemes.com\/?page_id=311"},"modified":"2025-03-31T11:38:02","modified_gmt":"2025-03-31T10:38:02","slug":"contact-us","status":"publish","type":"page","link":"https:\/\/swmove.com\/pt\/contact-us\/","title":{"rendered":"Contact Us"},"content":{"rendered":"<div class=\"wpb-content-wrapper\"><div class=\"vc_row wpb_row vc_row-fluid stm_rental_icon_boxes_style_2 vc_custom_1485347999309\"><div class=\"wpb_column vc_column_container vc_col-sm-4\"><div class=\"vc_column-inner\"><div class=\"wpb_wrapper\"><h5 style=\"font-size: 18px;line-height: 32px;text-align: left\" class=\"vc_custom_heading vc_do_custom_heading vc_custom_1715081497176\" >Albufeira<\/h5>\n\n\n\t<div class=\"icon-box  vc_custom_1715091968968 icon_box_26292 stm-layout-box-car_dealer\" style=\"color:#2a4045\">\n\t\t<div class=\"boat-line\"><\/div>\n\t\t\t\t\t<div\n\t\t\t\tclass=\"icon boat-third-color icon_element_78969  vc_custom_1715091968967\"\n\t\t\t\tstyle=\"font-size:20px;\t\t\t\tcolor:#328238; \t\t\t\t\">\n\t\t\t\t<i class=\"stm-icon-pin\"><\/i>\n\t\t\t<\/div>\n\t\t\t\t<div class=\"icon-text\">\n\t\t\t\t\t\t\t\t<div class=\"content heading-font\" \n\t\t\tstyle=\"\t\t\t\tline-height:18px;font-size:14px;\t\t\t\">\n\t\t\t\t<p>R. de Dunfermline 80, 8200-161,<br \/>\nAlbufeira<\/p>\n\t\t\t<\/div>\n\t\t\t\t\t\t\t\t\t\t\t<\/div>\n\t\t<div class=\"clearfix\"><\/div>\n\t<\/div>\n\n\t\n\n<style>\n\t\t.icon_element_78969 i::before {\n\t\tcolor: #328238!important;\n\t}\n\t\n\t\t\t.icon_box_26292 {\n\t\t\tbackground-color: rgba(255,255,255,0.01);\n\t\t}\n\n\t\t}\n\t\t.icon_box_26292 .icon-box-bottom-triangle {\n\t\t\tborder-right-color: rgba(, 0.9);\n\t\t}\n\n\t\t.icon_box_26292:hover .icon-box-bottom-triangle {\n\t\t\tborder-right-color: rgba(, 1);\n\t\t}\n\t\n\t\t.icon-box .icon-text .content a {\n\t\tcolor: #2a4045;\n\t}\n\t\n\t\n\t\n\t<\/style>\n\n\n\n\t<div class=\"icon-box  vc_custom_1743417471273 icon_box_36625 stm-layout-box-car_dealer\" style=\"color:#232628\">\n\t\t<div class=\"boat-line\"><\/div>\n\t\t\t\t\t<div\n\t\t\t\tclass=\"icon boat-third-color icon_element_2440  vc_custom_1743417471272\"\n\t\t\t\tstyle=\"font-size:20px;\t\t\t\tcolor:#328238; \t\t\t\t\">\n\t\t\t\t<i class=\"stm-icon-phone\"><\/i>\n\t\t\t<\/div>\n\t\t\t\t<div class=\"icon-text\">\n\t\t\t\t\t\t\t\t<div class=\"content heading-font\" \n\t\t\tstyle=\"\t\t\t\tline-height:22px;font-size:14px;\t\t\t\">\n\t\t\t\t<p style=\"line-height: 35px\"><span style=\"color: #2a4045\">Phone: +351 924 003 937 (1)<\/span><\/p>\n\t\t\t<\/div>\n\t\t\t\t\t\t\t\t\t\t\t<\/div>\n\t\t<div class=\"clearfix\"><\/div>\n\t<\/div>\n\n\t\n\n<style>\n\t\t.icon_element_2440 i::before {\n\t\tcolor: #328238!important;\n\t}\n\t\n\t\t\t.icon_box_36625 {\n\t\t\tbackground-color: rgba(255,255,255,0.01);\n\t\t}\n\n\t\t}\n\t\t.icon_box_36625 .icon-box-bottom-triangle {\n\t\t\tborder-right-color: rgba(, 0.9);\n\t\t}\n\n\t\t.icon_box_36625:hover .icon-box-bottom-triangle {\n\t\t\tborder-right-color: rgba(, 1);\n\t\t}\n\t\n\t\t.icon-box .icon-text .content a {\n\t\tcolor: #232628;\n\t}\n\t\n\t\n\t\n\t<\/style>\n\n\n\n\t<div class=\"icon-box  vc_custom_1715091207897 icon_box_81003 stm-layout-box-car_dealer\" style=\"color:#2a4045\">\n\t\t<div class=\"boat-line\"><\/div>\n\t\t\t\t\t<div\n\t\t\t\tclass=\"icon boat-third-color icon_element_32654  vc_custom_1715091207896\"\n\t\t\t\tstyle=\"font-size:19px;\t\t\t\tcolor:#328238; \t\t\t\t\">\n\t\t\t\t<i class=\"stm-icon-time\"><\/i>\n\t\t\t<\/div>\n\t\t\t\t<div class=\"icon-text\">\n\t\t\t\t\t\t\t\t<div class=\"content heading-font\" \n\t\t\tstyle=\"\t\t\t\tline-height:22px;font-size:14px;\t\t\t\">\n\t\t\t\t<p style=\"line-height: 22px\"><span style=\"color: #2a4045\">Mon &#8211; Fri: 09:00 &#8211; 18:00<\/span><br \/>\n<span style=\"color: #2a4045\">Saturday: Closed<\/span><br \/>\n<span style=\"color: #2a4045\">Sunday: Closed<\/span><\/p>\n\t\t\t<\/div>\n\t\t\t\t\t\t\t\t\t\t\t<\/div>\n\t\t<div class=\"clearfix\"><\/div>\n\t<\/div>\n\n\t\n\n<style>\n\t\t.icon_element_32654 i::before {\n\t\tcolor: #328238!important;\n\t}\n\t\n\t\t\t.icon_box_81003 {\n\t\t\tbackground-color: rgba(255,255,255,0.01);\n\t\t}\n\n\t\t}\n\t\t.icon_box_81003 .icon-box-bottom-triangle {\n\t\t\tborder-right-color: rgba(, 0.9);\n\t\t}\n\n\t\t.icon_box_81003:hover .icon-box-bottom-triangle {\n\t\t\tborder-right-color: rgba(, 1);\n\t\t}\n\t\n\t\t.icon-box .icon-text .content a {\n\t\tcolor: #2a4045;\n\t}\n\t\n\t\n\t\n\t<\/style>\n<\/div><\/div><\/div><div class=\"wpb_column vc_column_container vc_col-sm-4\"><div class=\"vc_column-inner\"><div class=\"wpb_wrapper\"><h5 style=\"font-size: 18px;line-height: 32px;text-align: left\" class=\"vc_custom_heading vc_do_custom_heading vc_custom_1715081508455\" >Quarteira<\/h5>\n\n\n\t<div class=\"icon-box  vc_custom_1715091765481 icon_box_39395 stm-layout-box-car_dealer\" style=\"color:#2a4045\">\n\t\t<div class=\"boat-line\"><\/div>\n\t\t\t\t\t<div\n\t\t\t\tclass=\"icon boat-third-color icon_element_62870  vc_custom_1715091765479\"\n\t\t\t\tstyle=\"font-size:20px;\t\t\t\tcolor:#328238; \t\t\t\t\">\n\t\t\t\t<i class=\"stm-icon-pin\"><\/i>\n\t\t\t<\/div>\n\t\t\t\t<div class=\"icon-text\">\n\t\t\t\t\t\t\t\t<div class=\"content heading-font\" \n\t\t\tstyle=\"\t\t\t\tline-height:18px;font-size:14px;\t\t\t\">\n\t\t\t\t<p>Rua P\u00e9 da Cruz Edif\u00edcio Portimor, Lj. 11, 8500-641 Portim\u00e3o<\/p>\n\t\t\t<\/div>\n\t\t\t\t\t\t\t\t\t\t\t<\/div>\n\t\t<div class=\"clearfix\"><\/div>\n\t<\/div>\n\n\t\n\n<style>\n\t\t.icon_element_62870 i::before {\n\t\tcolor: #328238!important;\n\t}\n\t\n\t\t\t.icon_box_39395 {\n\t\t\tbackground-color: rgba(255,255,255,0.01);\n\t\t}\n\n\t\t}\n\t\t.icon_box_39395 .icon-box-bottom-triangle {\n\t\t\tborder-right-color: rgba(, 0.9);\n\t\t}\n\n\t\t.icon_box_39395:hover .icon-box-bottom-triangle {\n\t\t\tborder-right-color: rgba(, 1);\n\t\t}\n\t\n\t\t.icon-box .icon-text .content a {\n\t\tcolor: #2a4045;\n\t}\n\t\n\t\n\t\n\t<\/style>\n\n\n\n\t<div class=\"icon-box  vc_custom_1743417445887 icon_box_6209 stm-layout-box-car_dealer\" style=\"color:#232628\">\n\t\t<div class=\"boat-line\"><\/div>\n\t\t\t\t\t<div\n\t\t\t\tclass=\"icon boat-third-color icon_element_21979  vc_custom_1743417445886\"\n\t\t\t\tstyle=\"font-size:20px;\t\t\t\tcolor:#328238; \t\t\t\t\">\n\t\t\t\t<i class=\"stm-icon-phone\"><\/i>\n\t\t\t<\/div>\n\t\t\t\t<div class=\"icon-text\">\n\t\t\t\t\t\t\t\t<div class=\"content heading-font\" \n\t\t\tstyle=\"\t\t\t\tline-height:22px;font-size:14px;\t\t\t\">\n\t\t\t\t<p style=\"line-height: 35px\"><span style=\"color: #2a4045\">Phone: +351 924 003 937 (1)<\/span><\/p>\n\t\t\t<\/div>\n\t\t\t\t\t\t\t\t\t\t\t<\/div>\n\t\t<div class=\"clearfix\"><\/div>\n\t<\/div>\n\n\t\n\n<style>\n\t\t.icon_element_21979 i::before {\n\t\tcolor: #328238!important;\n\t}\n\t\n\t\t\t.icon_box_6209 {\n\t\t\tbackground-color: rgba(255,255,255,0.01);\n\t\t}\n\n\t\t}\n\t\t.icon_box_6209 .icon-box-bottom-triangle {\n\t\t\tborder-right-color: rgba(, 0.9);\n\t\t}\n\n\t\t.icon_box_6209:hover .icon-box-bottom-triangle {\n\t\t\tborder-right-color: rgba(, 1);\n\t\t}\n\t\n\t\t.icon-box .icon-text .content a {\n\t\tcolor: #232628;\n\t}\n\t\n\t\n\t\n\t<\/style>\n\n\n\n\t<div class=\"icon-box  vc_custom_1715091891397 icon_box_55039 stm-layout-box-car_dealer\" style=\"color:#2a4045\">\n\t\t<div class=\"boat-line\"><\/div>\n\t\t\t\t\t<div\n\t\t\t\tclass=\"icon boat-third-color icon_element_7584  vc_custom_1715091891395\"\n\t\t\t\tstyle=\"font-size:19px;\t\t\t\tcolor:#328238; \t\t\t\t\">\n\t\t\t\t<i class=\"stm-icon-time\"><\/i>\n\t\t\t<\/div>\n\t\t\t\t<div class=\"icon-text\">\n\t\t\t\t\t\t\t\t<div class=\"content heading-font\" \n\t\t\tstyle=\"\t\t\t\tline-height:22px;font-size:14px;\t\t\t\">\n\t\t\t\t<p style=\"line-height: 22px\"><span style=\"color: #2a4045\">Mon &#8211; Fri: 09:00 &#8211; 18:00<\/span><br \/>\n<span style=\"color: #2a4045\">Saturday: Closed<\/span><br \/>\n<span style=\"color: #2a4045\">Sunday: Closed<\/span><\/p>\n\t\t\t<\/div>\n\t\t\t\t\t\t\t\t\t\t\t<\/div>\n\t\t<div class=\"clearfix\"><\/div>\n\t<\/div>\n\n\t\n\n<style>\n\t\t.icon_element_7584 i::before {\n\t\tcolor: #328238!important;\n\t}\n\t\n\t\t\t.icon_box_55039 {\n\t\t\tbackground-color: rgba(255,255,255,0.01);\n\t\t}\n\n\t\t}\n\t\t.icon_box_55039 .icon-box-bottom-triangle {\n\t\t\tborder-right-color: rgba(, 0.9);\n\t\t}\n\n\t\t.icon_box_55039:hover .icon-box-bottom-triangle {\n\t\t\tborder-right-color: rgba(, 1);\n\t\t}\n\t\n\t\t.icon-box .icon-text .content a {\n\t\tcolor: #2a4045;\n\t}\n\t\n\t\n\t\n\t<\/style>\n<\/div><\/div><\/div><div class=\"wpb_column vc_column_container vc_col-sm-4\"><div class=\"vc_column-inner\"><div class=\"wpb_wrapper\"><h5 style=\"font-size: 18px;line-height: 32px;text-align: left\" class=\"vc_custom_heading vc_do_custom_heading vc_custom_1715081520115\" >Portim\u00e3o<\/h5>\n\n\n\t<div class=\"icon-box  vc_custom_1715091939981 icon_box_25389 stm-layout-box-car_dealer\" style=\"color:#2a4045\">\n\t\t<div class=\"boat-line\"><\/div>\n\t\t\t\t\t<div\n\t\t\t\tclass=\"icon boat-third-color icon_element_49817  vc_custom_1715091939979\"\n\t\t\t\tstyle=\"font-size:20px;\t\t\t\tcolor:#328238; \t\t\t\t\">\n\t\t\t\t<i class=\"stm-icon-pin\"><\/i>\n\t\t\t<\/div>\n\t\t\t\t<div class=\"icon-text\">\n\t\t\t\t\t\t\t\t<div class=\"content heading-font\" \n\t\t\tstyle=\"\t\t\t\tline-height:18px;font-size:14px;\t\t\t\">\n\t\t\t\t<p>Galerias Central, Largo das Cortes Reais 9, 8125-168 Quarteira<\/p>\n\t\t\t<\/div>\n\t\t\t\t\t\t\t\t\t\t\t<\/div>\n\t\t<div class=\"clearfix\"><\/div>\n\t<\/div>\n\n\t\n\n<style>\n\t\t.icon_element_49817 i::before {\n\t\tcolor: #328238!important;\n\t}\n\t\n\t\t\t.icon_box_25389 {\n\t\t\tbackground-color: rgba(255,255,255,0.01);\n\t\t}\n\n\t\t}\n\t\t.icon_box_25389 .icon-box-bottom-triangle {\n\t\t\tborder-right-color: rgba(, 0.9);\n\t\t}\n\n\t\t.icon_box_25389:hover .icon-box-bottom-triangle {\n\t\t\tborder-right-color: rgba(, 1);\n\t\t}\n\t\n\t\t.icon-box .icon-text .content a {\n\t\tcolor: #2a4045;\n\t}\n\t\n\t\n\t\n\t<\/style>\n\n\n\n\t<div class=\"icon-box  vc_custom_1743417457731 icon_box_82746 stm-layout-box-car_dealer\" style=\"color:#232628\">\n\t\t<div class=\"boat-line\"><\/div>\n\t\t\t\t\t<div\n\t\t\t\tclass=\"icon boat-third-color icon_element_8888  vc_custom_1743417457730\"\n\t\t\t\tstyle=\"font-size:20px;\t\t\t\tcolor:#328238; \t\t\t\t\">\n\t\t\t\t<i class=\"stm-icon-phone\"><\/i>\n\t\t\t<\/div>\n\t\t\t\t<div class=\"icon-text\">\n\t\t\t\t\t\t\t\t<div class=\"content heading-font\" \n\t\t\tstyle=\"\t\t\t\tline-height:22px;font-size:14px;\t\t\t\">\n\t\t\t\t<p style=\"line-height: 35px\"><span style=\"color: #2a4045\">Phone: +351 924 003 937 (1)<\/span><\/p>\n\t\t\t<\/div>\n\t\t\t\t\t\t\t\t\t\t\t<\/div>\n\t\t<div class=\"clearfix\"><\/div>\n\t<\/div>\n\n\t\n\n<style>\n\t\t.icon_element_8888 i::before {\n\t\tcolor: #328238!important;\n\t}\n\t\n\t\t\t.icon_box_82746 {\n\t\t\tbackground-color: rgba(255,255,255,0.01);\n\t\t}\n\n\t\t}\n\t\t.icon_box_82746 .icon-box-bottom-triangle {\n\t\t\tborder-right-color: rgba(, 0.9);\n\t\t}\n\n\t\t.icon_box_82746:hover .icon-box-bottom-triangle {\n\t\t\tborder-right-color: rgba(, 1);\n\t\t}\n\t\n\t\t.icon-box .icon-text .content a {\n\t\tcolor: #232628;\n\t}\n\t\n\t\n\t\n\t<\/style>\n\n\n\n\t<div class=\"icon-box  vc_custom_1715092032937 icon_box_59729 stm-layout-box-car_dealer\" style=\"color:#2a4045\">\n\t\t<div class=\"boat-line\"><\/div>\n\t\t\t\t\t<div\n\t\t\t\tclass=\"icon boat-third-color icon_element_48206  vc_custom_1715092032936\"\n\t\t\t\tstyle=\"font-size:19px;\t\t\t\tcolor:#328238; \t\t\t\t\">\n\t\t\t\t<i class=\"stm-icon-time\"><\/i>\n\t\t\t<\/div>\n\t\t\t\t<div class=\"icon-text\">\n\t\t\t\t\t\t\t\t<div class=\"content heading-font\" \n\t\t\tstyle=\"\t\t\t\tline-height:22px;font-size:14px;\t\t\t\">\n\t\t\t\t<p style=\"line-height: 22px\"><span style=\"color: #2a4045\">Mon &#8211; Fri: 09:00 &#8211; 18:00<\/span><br \/>\n<span style=\"color: #2a4045\">Saturday: Closed<\/span><br \/>\n<span style=\"color: #2a4045\">Sunday: Closed<\/span><\/p>\n\t\t\t<\/div>\n\t\t\t\t\t\t\t\t\t\t\t<\/div>\n\t\t<div class=\"clearfix\"><\/div>\n\t<\/div>\n\n\t\n\n<style>\n\t\t.icon_element_48206 i::before {\n\t\tcolor: #328238!important;\n\t}\n\t\n\t\t\t.icon_box_59729 {\n\t\t\tbackground-color: rgba(255,255,255,0.01);\n\t\t}\n\n\t\t}\n\t\t.icon_box_59729 .icon-box-bottom-triangle {\n\t\t\tborder-right-color: rgba(, 0.9);\n\t\t}\n\n\t\t.icon_box_59729:hover .icon-box-bottom-triangle {\n\t\t\tborder-right-color: rgba(, 1);\n\t\t}\n\t\n\t\t.icon-box .icon-text .content a {\n\t\tcolor: #2a4045;\n\t}\n\t\n\t\n\t\n\t<\/style>\n<\/div><\/div><\/div><\/div><div class=\"vc_row wpb_row vc_row-fluid\"><div class=\"wpb_column vc_column_container vc_col-sm-12\"><div class=\"vc_column-inner\"><div class=\"wpb_wrapper\"><div class=\"wpb_gmaps_widget wpb_content_element\"><div class=\"wpb_wrapper\"><div class=\"wpb_map_wraper\"><iframe src=\"https:\/\/www.google.com\/maps\/embed?pb=!1m18!1m12!1m3!1d3182.649014572291!2d-8.237572623720094!3d37.0896655513284!2m3!1f0!2f0!3f0!3m2!1i1024!2i768!4f13.1!3m3!1m2!1s0xd1acd60d518dba1%3A0x4b82b4600a34fe03!2sSWmove%20Rent-a-Car!5e0!3m2!1spt-PT!2spt!4v1716390050748!5m2!1spt-PT!2spt\" width=\"600\" height=\"450\" style=\"border:0;\" allowfullscreen=\"\" loading=\"lazy\" referrerpolicy=\"no-referrer-when-downgrade\"><\/iframe><\/div><\/div><\/div><\/div><\/div><\/div><\/div>\n<\/div>","protected":false},"excerpt":{"rendered":"Albufeira R. de Dunfermline 80, 8200-161, Albufeira Phone: +351 924 003 937 (1) Mon - Fri: 09:00 - 18:00 Saturday: Closed Sunday: Closed Quarteira Rua P\u00e9 da Cruz Edif\u00edcio Portimor, Lj. 11, 8500-641 Portim\u00e3o Phone: +351 924 003 937 (1) Mon - Fri: 09:00 - 18:00 Saturday: Closed Sunday: Closed Portim\u00e3o Galerias Central, Largo das...","protected":false},"author":1,"featured_media":0,"parent":0,"menu_order":0,"comment_status":"closed","ping_status":"closed","template":"","meta":{"footnotes":""},"class_list":["post-311","page","type-page","status-publish","hentry"],"yoast_head":"<!-- This site is optimized with the Yoast SEO plugin v27.5 - https:\/\/yoast.com\/product\/yoast-seo-wordpress\/ -->\n<title>Contact Us - SWmove Rent - A - Car<\/title>\n<meta name=\"robots\" content=\"index, follow, max-snippet:-1, max-image-preview:large, max-video-preview:-1\" \/>\n<link rel=\"canonical\" href=\"https:\/\/swmove.com\/pt\/contact-us\/\" \/>\n<meta property=\"og:locale\" content=\"pt_PT\" \/>\n<meta property=\"og:type\" content=\"article\" \/>\n<meta property=\"og:title\" content=\"Contact Us - SWmove Rent - A - Car\" \/>\n<meta property=\"og:url\" content=\"https:\/\/swmove.com\/pt\/contact-us\/\" \/>\n<meta property=\"og:site_name\" content=\"SWmove\" \/>\n<meta property=\"article:modified_time\" content=\"2025-03-31T10:38:02+00:00\" \/>\n<meta name=\"twitter:card\" content=\"summary_large_image\" \/>\n<meta name=\"twitter:label1\" content=\"Tempo estimado de leitura\" \/>\n\t<meta name=\"twitter:data1\" content=\"2 minutos\" \/>\n<script type=\"application\/ld+json\" class=\"yoast-schema-graph\">{\"@context\":\"https:\\\/\\\/schema.org\",\"@graph\":[{\"@type\":\"WebPage\",\"@id\":\"https:\\\/\\\/swmove.com\\\/contact-us\\\/\",\"url\":\"https:\\\/\\\/swmove.com\\\/contact-us\\\/\",\"name\":\"Contact Us - SWmove Rent - A - Car\",\"isPartOf\":{\"@id\":\"https:\\\/\\\/swmove.com\\\/#website\"},\"datePublished\":\"2017-01-24T11:40:35+00:00\",\"dateModified\":\"2025-03-31T10:38:02+00:00\",\"breadcrumb\":{\"@id\":\"https:\\\/\\\/swmove.com\\\/contact-us\\\/#breadcrumb\"},\"inLanguage\":\"pt-PT\",\"potentialAction\":[{\"@type\":\"ReadAction\",\"target\":[\"https:\\\/\\\/swmove.com\\\/contact-us\\\/\"]}]},{\"@type\":\"BreadcrumbList\",\"@id\":\"https:\\\/\\\/swmove.com\\\/contact-us\\\/#breadcrumb\",\"itemListElement\":[{\"@type\":\"ListItem\",\"position\":1,\"name\":\"Home\",\"item\":\"https:\\\/\\\/swmove.com\\\/\"},{\"@type\":\"ListItem\",\"position\":2,\"name\":\"Contact Us\"}]},{\"@type\":\"WebSite\",\"@id\":\"https:\\\/\\\/swmove.com\\\/#website\",\"url\":\"https:\\\/\\\/swmove.com\\\/\",\"name\":\"SWmove\",\"description\":\"\",\"publisher\":{\"@id\":\"https:\\\/\\\/swmove.com\\\/#organization\"},\"potentialAction\":[{\"@type\":\"SearchAction\",\"target\":{\"@type\":\"EntryPoint\",\"urlTemplate\":\"https:\\\/\\\/swmove.com\\\/?s={search_term_string}\"},\"query-input\":{\"@type\":\"PropertyValueSpecification\",\"valueRequired\":true,\"valueName\":\"search_term_string\"}}],\"inLanguage\":\"pt-PT\"},{\"@type\":\"Organization\",\"@id\":\"https:\\\/\\\/swmove.com\\\/#organization\",\"name\":\"SWmove\",\"url\":\"https:\\\/\\\/swmove.com\\\/\",\"logo\":{\"@type\":\"ImageObject\",\"inLanguage\":\"pt-PT\",\"@id\":\"https:\\\/\\\/swmove.com\\\/#\\\/schema\\\/logo\\\/image\\\/\",\"url\":\"https:\\\/\\\/swmove.com\\\/wp-content\\\/uploads\\\/2024\\\/05\\\/logo_color.png\",\"contentUrl\":\"https:\\\/\\\/swmove.com\\\/wp-content\\\/uploads\\\/2024\\\/05\\\/logo_color.png\",\"width\":294,\"height\":61,\"caption\":\"SWmove\"},\"image\":{\"@id\":\"https:\\\/\\\/swmove.com\\\/#\\\/schema\\\/logo\\\/image\\\/\"}}]}<\/script>\n<!-- \/ Yoast SEO plugin. -->","yoast_head_json":{"title":"Contact Us - SWmove Rent - A - Car","robots":{"index":"index","follow":"follow","max-snippet":"max-snippet:-1","max-image-preview":"max-image-preview:large","max-video-preview":"max-video-preview:-1"},"canonical":"https:\/\/swmove.com\/pt\/contact-us\/","og_locale":"pt_PT","og_type":"article","og_title":"Contact Us - SWmove Rent - A - Car","og_url":"https:\/\/swmove.com\/pt\/contact-us\/","og_site_name":"SWmove","article_modified_time":"2025-03-31T10:38:02+00:00","twitter_card":"summary_large_image","twitter_misc":{"Tempo estimado de leitura":"2 minutos"},"schema":{"@context":"https:\/\/schema.org","@graph":[{"@type":"WebPage","@id":"https:\/\/swmove.com\/contact-us\/","url":"https:\/\/swmove.com\/contact-us\/","name":"Contact Us - SWmove Rent - A - Car","isPartOf":{"@id":"https:\/\/swmove.com\/#website"},"datePublished":"2017-01-24T11:40:35+00:00","dateModified":"2025-03-31T10:38:02+00:00","breadcrumb":{"@id":"https:\/\/swmove.com\/contact-us\/#breadcrumb"},"inLanguage":"pt-PT","potentialAction":[{"@type":"ReadAction","target":["https:\/\/swmove.com\/contact-us\/"]}]},{"@type":"BreadcrumbList","@id":"https:\/\/swmove.com\/contact-us\/#breadcrumb","itemListElement":[{"@type":"ListItem","position":1,"name":"Home","item":"https:\/\/swmove.com\/"},{"@type":"ListItem","position":2,"name":"Contact Us"}]},{"@type":"WebSite","@id":"https:\/\/swmove.com\/#website","url":"https:\/\/swmove.com\/","name":"SWmove","description":"","publisher":{"@id":"https:\/\/swmove.com\/#organization"},"potentialAction":[{"@type":"SearchAction","target":{"@type":"EntryPoint","urlTemplate":"https:\/\/swmove.com\/?s={search_term_string}"},"query-input":{"@type":"PropertyValueSpecification","valueRequired":true,"valueName":"search_term_string"}}],"inLanguage":"pt-PT"},{"@type":"Organization","@id":"https:\/\/swmove.com\/#organization","name":"SWmove","url":"https:\/\/swmove.com\/","logo":{"@type":"ImageObject","inLanguage":"pt-PT","@id":"https:\/\/swmove.com\/#\/schema\/logo\/image\/","url":"https:\/\/swmove.com\/wp-content\/uploads\/2024\/05\/logo_color.png","contentUrl":"https:\/\/swmove.com\/wp-content\/uploads\/2024\/05\/logo_color.png","width":294,"height":61,"caption":"SWmove"},"image":{"@id":"https:\/\/swmove.com\/#\/schema\/logo\/image\/"}}]}},"_links":{"self":[{"href":"https:\/\/swmove.com\/pt\/wp-json\/wp\/v2\/pages\/311","targetHints":{"allow":["GET"]}}],"collection":[{"href":"https:\/\/swmove.com\/pt\/wp-json\/wp\/v2\/pages"}],"about":[{"href":"https:\/\/swmove.com\/pt\/wp-json\/wp\/v2\/types\/page"}],"author":[{"embeddable":true,"href":"https:\/\/swmove.com\/pt\/wp-json\/wp\/v2\/users\/1"}],"replies":[{"embeddable":true,"href":"https:\/\/swmove.com\/pt\/wp-json\/wp\/v2\/comments?post=311"}],"version-history":[{"count":13,"href":"https:\/\/swmove.com\/pt\/wp-json\/wp\/v2\/pages\/311\/revisions"}],"predecessor-version":[{"id":958,"href":"https:\/\/swmove.com\/pt\/wp-json\/wp\/v2\/pages\/311\/revisions\/958"}],"wp:attachment":[{"href":"https:\/\/swmove.com\/pt\/wp-json\/wp\/v2\/media?parent=311"}],"curies":[{"name":"wp","href":"https:\/\/api.w.org\/{rel}","templated":true}]}}