{"id":359,"date":"2017-01-25T05:51:36","date_gmt":"2017-01-25T05:51:36","guid":{"rendered":"https:\/\/motors.stylemixthemes.com\/?page_id=359"},"modified":"2024-09-03T15:04:50","modified_gmt":"2024-09-03T14:04:50","slug":"terms","status":"publish","type":"page","link":"https:\/\/swmove.com\/pt\/terms\/","title":{"rendered":"Termos"},"content":{"rendered":"<div class=\"wpb-content-wrapper\"><div class=\"vc_row wpb_row vc_row-fluid vc_custom_1485323418627\"><div class=\"wpb_column vc_column_container vc_col-sm-12\"><div class=\"vc_column-inner\"><div class=\"wpb_wrapper\"><h2 style=\"font-size: 26px;line-height: 34px;text-align: left\" class=\"vc_custom_heading vc_do_custom_heading\" >TERMOS E CONDI\u00c7\u00d5ES<\/h2>\n\t<div class=\"wpb_text_column wpb_content_element\" >\n\t\t<div class=\"wpb_wrapper\">\n\t\t\t<p>Success Work Move \u2013 Rent a Car, Lda, a partir de agora denominadas \"Locat\u00e1rio\" aluga para os alugu\u00e9is, para o locat\u00e1rio, o ve\u00edculo descrito no presente contrato de aluguel.<\/p>\n<p>A assinatura do presente contrato de loca\u00e7\u00e3o, o locat\u00e1rio reconhece e concorda com as seguintes condi\u00e7\u00f5es que dever\u00e3o ser respeitadas.<\/p>\n\n\t\t<\/div>\n\t<\/div>\n<h4 style=\"font-size: 16px;line-height: 24px;text-align: left\" class=\"vc_custom_heading vc_do_custom_heading\" >1. ALUGUER<\/h4>\n\t<div class=\"wpb_text_column wpb_content_element\" >\n\t\t<div class=\"wpb_wrapper\">\n\t\t\t<p>a) O valor a ser pago pelo locat\u00e1rio, ser\u00e1 de acordo com o v\u00e1lido tarifa p\u00fablica ou acordos escritos.<\/p>\n<p>b) O ve\u00edculo deve ser devolvido ao local, data e hora acordadas, caso contr\u00e1rio, ser\u00e1 considerado como desaparecido, a ap\u00f3lice de seguro ser\u00e1 cancelado e as autoridades informadas.<\/p>\n<p>c) O pagamento dever\u00e1 ser feito antecipadamente pelo locat\u00e1rio, ou a qualquer momento, o locador, aplica-se para isso.<\/p>\n<p>d) Qualquer extens\u00e3o de aluguer deve ser feita com o locador do contrato e de pagamento.<\/p>\n<p>e) \u00c9 absolutamente proibido a adultera\u00e7\u00e3o do hod\u00f4metro, sob pena de pagamento de aluguel na base de 500 quil\u00f4metros por dia, independentemente da instaura\u00e7\u00e3o de processo para uso fraudulento.<\/p>\n<p>f) Os pre\u00e7os de aluguer n\u00e3o incluem qualquer driver de linhas, mesmo quando eles s\u00e3o como resultado de uso inadequado de lavagem de ve\u00edculos, estacionamento, qualquer corte de custos devido ao desrespeito do regulamento de tr\u00e1fego ou standart do uso do ve\u00edculo.<\/p>\n\n\t\t<\/div>\n\t<\/div>\n<h4 style=\"font-size: 16px;line-height: 24px;text-align: left\" class=\"vc_custom_heading vc_do_custom_heading\" >2. ENTREGA E RECOLHA<\/h4>\n\t<div class=\"wpb_text_column wpb_content_element\" >\n\t\t<div class=\"wpb_wrapper\">\n\t\t\t<p>a) O locat\u00e1rio reconhece que recebeu o ve\u00edculo em boa ordem e condi\u00e7\u00f5es, todos os acess\u00f3rios, equipamentos e documentos.<\/p>\n<p>b) O Locat\u00e1rio compromete-se a devolver o ve\u00edculo para o local, a data e hora especificadas, bem como todos os acess\u00f3rios, equipamentos e documentos.<\/p>\n<p>c) Desconsiderando o \u00faltimo par\u00e1grafo, o locat\u00e1rio \u00e9 obrigado a pagar taxas e custos solicitado pela locadora no mesmo momento em ve\u00edculo for devolvido.<\/p>\n<p>d) Uma taxa adicional \u00e9 devido se o ve\u00edculo \u00e9 deixado em lugar n\u00e3o especificado neste contrato de aluguel ou sem o consentimento por escrito do locador.<\/p>\n\n\t\t<\/div>\n\t<\/div>\n<h4 style=\"font-size: 16px;line-height: 24px;text-align: left\" class=\"vc_custom_heading vc_do_custom_heading\" >3. CONDI\u00c7\u00d5ES DE UTILIZA\u00c7\u00c3O<\/h4>\n\t<div class=\"wpb_text_column wpb_content_element\" >\n\t\t<div class=\"wpb_wrapper\">\n\t\t\t<p>a) O Locat\u00e1rio obriga-se a manter o referido ve\u00edculo fechado e trancado quando n\u00e3o em uso, mantendo em seu poder os documentos do ve\u00edculo teclas de ser respons\u00e1vel por eles.<\/p>\n<p>b) O Locat\u00e1rio obriga-se normal preserva\u00e7\u00e3o de seu ve\u00edculo, acess\u00f3rios, equipamentos e documentos.<\/p>\n<p>c) O Locat\u00e1rio \u00e9 respons\u00e1vel por falhas mec\u00e2nicas do referido ve\u00edculo, se todas as precau\u00e7\u00f5es e os melhores esfor\u00e7os s\u00e3o usados pelo locat\u00e1rio para evit\u00e1-los de qualquer maneira, se ocorrer o locat\u00e1rio deve informar a locadora.<\/p>\n<p>d) O ve\u00edculo n\u00e3o pode ser usado para:<\/p>\n<p>\u2013 Para o transporte de mercadorias (exceto se o ve\u00edculo tenha essa finalidade espec\u00edfica);<br \/>\n\u2013 De qualquer forma il\u00edcita, incluindo a viola\u00e7\u00e3o de leis legais;<br \/>\n\u2013 Para impulsionar ou rebocar qualquer ve\u00edculo ou reboque;<br \/>\n\u2013 Para o transporte de passageiros e\/ou de quaisquer bens para uma considera\u00e7\u00e3o;<br \/>\n\u2013 Em provas desportivas;<br \/>\n\u2013 Por qualquer pessoa sob a influ\u00eancia de \u00e1lcool ou de qualquer tipo de drogas;<br \/>\n\u2013 Por motoristas com menos de 21 anos de idade e carta de condu\u00e7\u00e3o v\u00e1lida emitida h\u00e1 menos de um ano;<br \/>\n\u2013 Para qualquer todas as pessoas, exceto o locat\u00e1rio e \/ ou condutores adicionais autorizado pela locadora.<\/p>\n<p>f) O locat\u00e1rio \u00e9 expressamente respons\u00e1vel por realizar e eventuais danos causados por drivers adicionais.<\/p>\n\n\t\t<\/div>\n\t<\/div>\n<h4 style=\"font-size: 16px;line-height: 24px;text-align: left\" class=\"vc_custom_heading vc_do_custom_heading\" >4. INSURENCES<\/h4>\n\t<div class=\"wpb_text_column wpb_content_element\" >\n\t\t<div class=\"wpb_wrapper\">\n\t\t\t<p>a) Os pre\u00e7os incluem seguro contra ilimitado publiciliability v\u00e1lido somente em Portugal, de acordo com as condi\u00e7\u00f5es gerais da ap\u00f3lice de seguro, sendo no entanto locat\u00e1rios responsabilidade todos os danos causados no ve\u00edculo, disse.<\/p>\n<p>b) N\u00e3o-waivable responsabilidade \u2013 \u00e9 aplicada por quaisquer danos que possam acontecer no ve\u00edculo alugado at\u00e9 o valor estipulado e\/ou acordo, sendo de responsabilidade do cliente.<\/p>\n<p>c) Ocupantes de seguro do ve\u00edculo para despesas m\u00e9dicas, morte ou incapacidade permanente, em caso de acidente, pode ser estabelecida de acordo com as condi\u00e7\u00f5es espec\u00edficas de pol\u00edtica.<\/p>\n<p>d) O locador declina qualquer responsabilidade por danos a terceiros ou danos ao ve\u00edculo que o locat\u00e1rio pode causar durante o per\u00edodo de loca\u00e7\u00e3o, se ele tem voluntariamente fornecidos, o locador com informa\u00e7\u00f5es falsas, como a sua identifica\u00e7\u00e3o, endere\u00e7o, carta de condu\u00e7\u00e3o &#034;n\u00e3o H\u00e1 cobertura de seguro para tal evento&#034;.<\/p>\n<p>e) Os seguros s\u00e3o v\u00e1lidos em Portugal, apenas, o locat\u00e1rio poder\u00e1 solicitar \u00e0 locadora a autoriza\u00e7\u00e3o para ir para o estrangeiro e para que ser\u00e1 devido o pagamento de ajuda de impostos.<\/p>\n<p>f) O inobservance das condi\u00e7\u00f5es expostas no n.os n.\u00ba3, resultar a anula\u00e7\u00e3o de todas as coberturas, sendo as despesas suportadas pelo locat\u00e1rio.<\/p>\n<p>g) O Locador declina qualquer responsabilidade por perdas, roubos ou danos transitado bens do locat\u00e1rio ou de algu\u00e9m.<\/p>\n\n\t\t<\/div>\n\t<\/div>\n<h4 style=\"font-size: 16px;line-height: 24px;text-align: left\" class=\"vc_custom_heading vc_do_custom_heading\" >5. ACIDENTES<\/h4>\n\t<div class=\"wpb_text_column wpb_content_element\" >\n\t\t<div class=\"wpb_wrapper\">\n\t\t\t<p>a) O locat\u00e1rio concorda em tomar todas as medidas necess\u00e1rias para proteger os interesses do locador e do seguro empresa em caso de acidente durante o prazo de vig\u00eancia do presente contrato de aluguel:<\/p>\n<p>\u2013 Logo que poss\u00edvel, telefone para a esta\u00e7\u00e3o mais pr\u00f3xima do locador;<br \/>\n\u2013 N\u00e3o mova ou deixar de mover o ve\u00edculo ap\u00f3s o acidente, sem ter todas as informa\u00e7\u00f5es necess\u00e1rias e a data do acidente;<br \/>\n\u2013 N\u00e3o abandonar o ve\u00edculo sem ter tomado medidas adequadas de prote\u00e7\u00e3o;<br \/>\n\u2013 N\u00e3o admitir a culpa, ou a responsabilidade do acidente;<br \/>\n\u2013 Descobrir identifica\u00e7\u00e3o completa das partes envolvidas detalhes completos de ap\u00f3lices de seguros, tais como endere\u00e7os de testemunhas;<br \/>\n\u2013 Para preencher a locadora de relat\u00f3rio de acidente e cooperar com ele.<\/p>\n\n\t\t<\/div>\n\t<\/div>\n<\/div><\/div><\/div><\/div>\n<\/div>","protected":false},"excerpt":{"rendered":"TERMS AND CONDITIONS Success Work Move \u2013 Rent a Car, Lda, from now denominated \u201cLessor\u201d rents to the rents to the renter the vehicle described on this rental agreement. Signing this rental agreement the renter acknowledges and agrees with the following conditions that must be respected. 1. RENTAL a) The amount to be payed by...","protected":false},"author":1,"featured_media":0,"parent":0,"menu_order":0,"comment_status":"closed","ping_status":"closed","template":"","meta":{"footnotes":""},"class_list":["post-359","page","type-page","status-publish","hentry"],"yoast_head":"<!-- This site is optimized with the Yoast SEO plugin v27.5 - https:\/\/yoast.com\/product\/yoast-seo-wordpress\/ -->\n<title>Terms - SWmove Rent - A - Car<\/title>\n<meta name=\"robots\" content=\"index, follow, max-snippet:-1, max-image-preview:large, max-video-preview:-1\" \/>\n<link rel=\"canonical\" href=\"https:\/\/swmove.com\/pt\/terms\/\" \/>\n<meta property=\"og:locale\" content=\"pt_PT\" \/>\n<meta property=\"og:type\" content=\"article\" \/>\n<meta property=\"og:title\" content=\"Terms - SWmove Rent - A - Car\" \/>\n<meta property=\"og:url\" content=\"https:\/\/swmove.com\/pt\/terms\/\" \/>\n<meta property=\"og:site_name\" content=\"SWmove\" \/>\n<meta property=\"article:modified_time\" content=\"2024-09-03T14:04:50+00:00\" \/>\n<meta name=\"twitter:card\" content=\"summary_large_image\" \/>\n<meta name=\"twitter:label1\" content=\"Tempo estimado de leitura\" \/>\n\t<meta name=\"twitter:data1\" content=\"4 minutos\" \/>\n<script type=\"application\/ld+json\" class=\"yoast-schema-graph\">{\"@context\":\"https:\\\/\\\/schema.org\",\"@graph\":[{\"@type\":\"WebPage\",\"@id\":\"https:\\\/\\\/swmove.com\\\/terms\\\/\",\"url\":\"https:\\\/\\\/swmove.com\\\/terms\\\/\",\"name\":\"Terms - SWmove Rent - A - Car\",\"isPartOf\":{\"@id\":\"https:\\\/\\\/swmove.com\\\/#website\"},\"datePublished\":\"2017-01-25T05:51:36+00:00\",\"dateModified\":\"2024-09-03T14:04:50+00:00\",\"breadcrumb\":{\"@id\":\"https:\\\/\\\/swmove.com\\\/terms\\\/#breadcrumb\"},\"inLanguage\":\"pt-PT\",\"potentialAction\":[{\"@type\":\"ReadAction\",\"target\":[\"https:\\\/\\\/swmove.com\\\/terms\\\/\"]}]},{\"@type\":\"BreadcrumbList\",\"@id\":\"https:\\\/\\\/swmove.com\\\/terms\\\/#breadcrumb\",\"itemListElement\":[{\"@type\":\"ListItem\",\"position\":1,\"name\":\"Home\",\"item\":\"https:\\\/\\\/swmove.com\\\/\"},{\"@type\":\"ListItem\",\"position\":2,\"name\":\"Terms\"}]},{\"@type\":\"WebSite\",\"@id\":\"https:\\\/\\\/swmove.com\\\/#website\",\"url\":\"https:\\\/\\\/swmove.com\\\/\",\"name\":\"SWmove\",\"description\":\"\",\"publisher\":{\"@id\":\"https:\\\/\\\/swmove.com\\\/#organization\"},\"potentialAction\":[{\"@type\":\"SearchAction\",\"target\":{\"@type\":\"EntryPoint\",\"urlTemplate\":\"https:\\\/\\\/swmove.com\\\/?s={search_term_string}\"},\"query-input\":{\"@type\":\"PropertyValueSpecification\",\"valueRequired\":true,\"valueName\":\"search_term_string\"}}],\"inLanguage\":\"pt-PT\"},{\"@type\":\"Organization\",\"@id\":\"https:\\\/\\\/swmove.com\\\/#organization\",\"name\":\"SWmove\",\"url\":\"https:\\\/\\\/swmove.com\\\/\",\"logo\":{\"@type\":\"ImageObject\",\"inLanguage\":\"pt-PT\",\"@id\":\"https:\\\/\\\/swmove.com\\\/#\\\/schema\\\/logo\\\/image\\\/\",\"url\":\"https:\\\/\\\/swmove.com\\\/wp-content\\\/uploads\\\/2024\\\/05\\\/logo_color.png\",\"contentUrl\":\"https:\\\/\\\/swmove.com\\\/wp-content\\\/uploads\\\/2024\\\/05\\\/logo_color.png\",\"width\":294,\"height\":61,\"caption\":\"SWmove\"},\"image\":{\"@id\":\"https:\\\/\\\/swmove.com\\\/#\\\/schema\\\/logo\\\/image\\\/\"}}]}<\/script>\n<!-- \/ Yoast SEO plugin. -->","yoast_head_json":{"title":"Terms - SWmove Rent - A - Car","robots":{"index":"index","follow":"follow","max-snippet":"max-snippet:-1","max-image-preview":"max-image-preview:large","max-video-preview":"max-video-preview:-1"},"canonical":"https:\/\/swmove.com\/pt\/terms\/","og_locale":"pt_PT","og_type":"article","og_title":"Terms - SWmove Rent - A - Car","og_url":"https:\/\/swmove.com\/pt\/terms\/","og_site_name":"SWmove","article_modified_time":"2024-09-03T14:04:50+00:00","twitter_card":"summary_large_image","twitter_misc":{"Tempo estimado de leitura":"4 minutos"},"schema":{"@context":"https:\/\/schema.org","@graph":[{"@type":"WebPage","@id":"https:\/\/swmove.com\/terms\/","url":"https:\/\/swmove.com\/terms\/","name":"Terms - SWmove Rent - A - Car","isPartOf":{"@id":"https:\/\/swmove.com\/#website"},"datePublished":"2017-01-25T05:51:36+00:00","dateModified":"2024-09-03T14:04:50+00:00","breadcrumb":{"@id":"https:\/\/swmove.com\/terms\/#breadcrumb"},"inLanguage":"pt-PT","potentialAction":[{"@type":"ReadAction","target":["https:\/\/swmove.com\/terms\/"]}]},{"@type":"BreadcrumbList","@id":"https:\/\/swmove.com\/terms\/#breadcrumb","itemListElement":[{"@type":"ListItem","position":1,"name":"Home","item":"https:\/\/swmove.com\/"},{"@type":"ListItem","position":2,"name":"Terms"}]},{"@type":"WebSite","@id":"https:\/\/swmove.com\/#website","url":"https:\/\/swmove.com\/","name":"SWmove","description":"","publisher":{"@id":"https:\/\/swmove.com\/#organization"},"potentialAction":[{"@type":"SearchAction","target":{"@type":"EntryPoint","urlTemplate":"https:\/\/swmove.com\/?s={search_term_string}"},"query-input":{"@type":"PropertyValueSpecification","valueRequired":true,"valueName":"search_term_string"}}],"inLanguage":"pt-PT"},{"@type":"Organization","@id":"https:\/\/swmove.com\/#organization","name":"SWmove","url":"https:\/\/swmove.com\/","logo":{"@type":"ImageObject","inLanguage":"pt-PT","@id":"https:\/\/swmove.com\/#\/schema\/logo\/image\/","url":"https:\/\/swmove.com\/wp-content\/uploads\/2024\/05\/logo_color.png","contentUrl":"https:\/\/swmove.com\/wp-content\/uploads\/2024\/05\/logo_color.png","width":294,"height":61,"caption":"SWmove"},"image":{"@id":"https:\/\/swmove.com\/#\/schema\/logo\/image\/"}}]}},"_links":{"self":[{"href":"https:\/\/swmove.com\/pt\/wp-json\/wp\/v2\/pages\/359","targetHints":{"allow":["GET"]}}],"collection":[{"href":"https:\/\/swmove.com\/pt\/wp-json\/wp\/v2\/pages"}],"about":[{"href":"https:\/\/swmove.com\/pt\/wp-json\/wp\/v2\/types\/page"}],"author":[{"embeddable":true,"href":"https:\/\/swmove.com\/pt\/wp-json\/wp\/v2\/users\/1"}],"replies":[{"embeddable":true,"href":"https:\/\/swmove.com\/pt\/wp-json\/wp\/v2\/comments?post=359"}],"version-history":[{"count":2,"href":"https:\/\/swmove.com\/pt\/wp-json\/wp\/v2\/pages\/359\/revisions"}],"predecessor-version":[{"id":811,"href":"https:\/\/swmove.com\/pt\/wp-json\/wp\/v2\/pages\/359\/revisions\/811"}],"wp:attachment":[{"href":"https:\/\/swmove.com\/pt\/wp-json\/wp\/v2\/media?parent=359"}],"curies":[{"name":"wp","href":"https:\/\/api.w.org\/{rel}","templated":true}]}}