{"id":405,"date":"2017-01-26T10:40:04","date_gmt":"2017-01-26T10:40:04","guid":{"rendered":"https:\/\/motors.stylemixthemes.com\/?page_id=405"},"modified":"2024-09-03T15:03:15","modified_gmt":"2024-09-03T14:03:15","slug":"about-us","status":"publish","type":"page","link":"https:\/\/swmove.com\/pt\/about-us\/","title":{"rendered":"Sobre N\u00f3s"},"content":{"rendered":"<div class=\"wpb-content-wrapper\"><div class=\"vc_row wpb_row vc_row-fluid vc_custom_1485428309292\"><div class=\"stm-col-pad-right wpb_column vc_column_container vc_col-sm-6\"><div class=\"vc_column-inner\"><div class=\"wpb_wrapper\">\n\t<div class=\"wpb_single_image wpb_content_element vc_align_left  vc_custom_1714984315381\">\n\t\t<div class=\"wpb_wrapper\">\n\t\t\t\n\t\t\t<a class=\"stm_fancybox\" href=\"https:\/\/swmove.com\/wp-content\/uploads\/2024\/05\/outdoor-1024x648.jpg\" target=\"_self\"><div class=\"vc_single_image-wrapper   vc_box_border_grey\"><img loading=\"lazy\" decoding=\"async\" width=\"1148\" height=\"726\" src=\"https:\/\/swmove.com\/wp-content\/uploads\/2024\/05\/outdoor.jpg\" class=\"vc_single_image-img attachment-full\" alt=\"\" title=\"ao ar livre\" srcset=\"https:\/\/swmove.com\/wp-content\/uploads\/2024\/05\/outdoor.jpg 1148w, https:\/\/swmove.com\/wp-content\/uploads\/2024\/05\/outdoor-600x379.jpg 600w, https:\/\/swmove.com\/wp-content\/uploads\/2024\/05\/outdoor-300x190.jpg 300w, https:\/\/swmove.com\/wp-content\/uploads\/2024\/05\/outdoor-1024x648.jpg 1024w, https:\/\/swmove.com\/wp-content\/uploads\/2024\/05\/outdoor-255x161.jpg 255w, https:\/\/swmove.com\/wp-content\/uploads\/2024\/05\/outdoor-510x323.jpg 510w, https:\/\/swmove.com\/wp-content\/uploads\/2024\/05\/outdoor-280x177.jpg 280w, https:\/\/swmove.com\/wp-content\/uploads\/2024\/05\/outdoor-560x354.jpg 560w, https:\/\/swmove.com\/wp-content\/uploads\/2024\/05\/outdoor-350x221.jpg 350w, https:\/\/swmove.com\/wp-content\/uploads\/2024\/05\/outdoor-700x443.jpg 700w, https:\/\/swmove.com\/wp-content\/uploads\/2024\/05\/outdoor-398x252.jpg 398w, https:\/\/swmove.com\/wp-content\/uploads\/2024\/05\/outdoor-796x503.jpg 796w\" sizes=\"(max-width: 1148px) 100vw, 1148px\" \/><\/div><\/a>\n\t\t<\/div>\n\t<\/div>\n<\/div><\/div><\/div><div class=\"stm-col-pad-left wpb_column vc_column_container vc_col-sm-6\"><div class=\"vc_column-inner\"><div class=\"wpb_wrapper\">\n\t<div class=\"wpb_text_column wpb_content_element\" >\n\t\t<div class=\"wpb_wrapper\">\n\t\t\t<h3 style=\"margin-bottom: 18px;\">BEM-VINDO \u00c0 <span style=\"color: #328238;\">SWMOVE<\/span><\/h3>\n<p>Bem-vindo \u00e0 Swmove \u2013 Parceiro de Confian\u00e7a para Aluguer Autom\u00f3vel no Algarve!<\/p>\n<p>Na Swmove, acreditamos fornecer mais do que apenas carros; oferecemos-lhe a chave para desbloquear experi\u00eancias inesquec\u00edveis no Algarve e al\u00e9m. Com uma paix\u00e3o pelo servi\u00e7o excepcional e um compromisso com a qualidade,  esfor\u00e7amos-nos para tornar a sua viagem mais suave e agrad\u00e1vel quanto poss\u00edvel.<\/p>\n<p>Situado no cora\u00e7\u00e3o do Algarve, que acena com as suas ensolaradas praias, ruas charmosas e cultura vibrante. Se est\u00e1 aqui para absorver os raios, explorar monumentos hist\u00f3ricos ou envolver-se numa animada vida noturna, a Swmove vai ajudar a ocupar parte do seu tempo neste destino encantador.<\/p>\n<p>&nbsp;<\/p>\n<p><span style=\"color: #888888;\"><em>\u00a0\u2014 Ant\u00f3nio Duarte, Presidente da SWMove<\/em><\/span><\/p>\n\n\t\t<\/div>\n\t<\/div>\n<\/div><\/div><\/div><\/div><div class=\"vc_row wpb_row vc_row-fluid vc_custom_1445594570930\"><div class=\"stm-col-pad-right wpb_column vc_column_container vc_col-sm-6\"><div class=\"vc_column-inner\"><div class=\"wpb_wrapper\">\n\t<div class=\"wpb_text_column wpb_content_element vc_custom_1445496956815\" >\n\t\t<div class=\"wpb_wrapper\">\n\t\t\t<h3>VALORES FUNDAMENTAIS<\/h3>\n\n\t\t<\/div>\n\t<\/div>\n<div class=\"vc_separator wpb_content_element vc_separator_align_center vc_sep_width_100 vc_sep_pos_align_center vc_separator_no_text vc_sep_color_grey vc_custom_1445496980428 wpb_content_element  vc_custom_1445496980428 wpb_content_element\" ><span class=\"vc_sep_holder vc_sep_holder_l\"><span class=\"vc_sep_line\"><\/span><\/span><span class=\"vc_sep_holder vc_sep_holder_r\"><span class=\"vc_sep_line\"><\/span><\/span>\n<\/div>\n\t<div class=\"wpb_text_column wpb_content_element vc_custom_1717752497720\" >\n\t\t<div class=\"wpb_wrapper\">\n\t\t\t<p><span style=\"color: #888888; font-size: 13px;\">Os nossos principais valores s\u00e3o a base de tudo o que fazemos. Estes orientam as nossas a\u00e7\u00f5es, moldadas \u00e0 nossa cultura, e definir o nosso compromisso para com os nossos clientes. Aqui s\u00e3o os valores fundamentais que nos distinguem.<\/span><\/p>\n\n\t\t<\/div>\n\t<\/div>\n\n\t<div class=\"wpb_text_column wpb_content_element\" >\n\t\t<div class=\"wpb_wrapper\">\n\t\t\t<ul class=\"list-style-1\">\n<li>Departamento de finan\u00e7as sem complica\u00e7\u00f5es.<\/li>\n<li>Vasta sele\u00e7\u00e3o de carros populares.<\/li>\n<li>Confi\u00e1vel pela comunidade.<\/li>\n<li>Manter o seu carro para ficar seguro na estrada<\/li>\n<li>Lidamos com uma ampla gama de servi\u00e7os autom\u00f3vel.<\/li>\n<\/ul>\n\n\t\t<\/div>\n\t<\/div>\n<\/div><\/div><\/div><div class=\"stm-col-pad-left wpb_column vc_column_container vc_col-sm-6\"><div class=\"vc_column-inner\"><div class=\"wpb_wrapper\">\n\t<div class=\"wpb_single_image wpb_content_element vc_align_left  vc_custom_1717751460330\">\n\t\t<div class=\"wpb_wrapper\">\n\t\t\t\n\t\t\t<a class=\"stm_fancybox\" href=\"https:\/\/swmove.com\/wp-content\/uploads\/2024\/06\/2149636275-1.jpg\" target=\"_self\"><div class=\"vc_single_image-wrapper   vc_box_border_grey\"><img loading=\"lazy\" decoding=\"async\" width=\"540\" height=\"302\" src=\"https:\/\/swmove.com\/wp-content\/uploads\/2024\/06\/2149636275-1.jpg\" class=\"vc_single_image-img attachment-full\" alt=\"\" title=\"trabalho em equipe\" srcset=\"https:\/\/swmove.com\/wp-content\/uploads\/2024\/06\/2149636275-1.jpg 540w, https:\/\/swmove.com\/wp-content\/uploads\/2024\/06\/2149636275-1-300x168.jpg 300w, https:\/\/swmove.com\/wp-content\/uploads\/2024\/06\/2149636275-1-255x143.jpg 255w, https:\/\/swmove.com\/wp-content\/uploads\/2024\/06\/2149636275-1-510x285.jpg 510w, https:\/\/swmove.com\/wp-content\/uploads\/2024\/06\/2149636275-1-280x157.jpg 280w, https:\/\/swmove.com\/wp-content\/uploads\/2024\/06\/2149636275-1-350x196.jpg 350w, https:\/\/swmove.com\/wp-content\/uploads\/2024\/06\/2149636275-1-398x223.jpg 398w\" sizes=\"(max-width: 540px) 100vw, 540px\" \/><\/div><\/a>\n\t\t<\/div>\n\t<\/div>\n<\/div><\/div><\/div><\/div>\n<\/div>","protected":false},"excerpt":{"rendered":"WELCOME TO THE SWMOVE Welcome to Swmove - Your Trusted Car Rental Partner in Algarve! At Swmove, we believe in providing more than just cars; we offer you the key to unlocking unforgettable experiences in the Algarve and beyond. With a passion for exceptional service and a commitment to quality, we strive to make your...","protected":false},"author":1,"featured_media":0,"parent":0,"menu_order":0,"comment_status":"closed","ping_status":"closed","template":"","meta":{"footnotes":""},"class_list":["post-405","page","type-page","status-publish","hentry"],"yoast_head":"<!-- This site is optimized with the Yoast SEO plugin v27.5 - https:\/\/yoast.com\/product\/yoast-seo-wordpress\/ -->\n<title>About Us - SWmove Rent - A - Car<\/title>\n<meta name=\"robots\" content=\"index, follow, max-snippet:-1, max-image-preview:large, max-video-preview:-1\" \/>\n<link rel=\"canonical\" href=\"https:\/\/swmove.com\/pt\/about-us\/\" \/>\n<meta property=\"og:locale\" content=\"pt_PT\" \/>\n<meta property=\"og:type\" content=\"article\" \/>\n<meta property=\"og:title\" content=\"About Us - SWmove Rent - A - Car\" \/>\n<meta property=\"og:url\" content=\"https:\/\/swmove.com\/pt\/about-us\/\" \/>\n<meta property=\"og:site_name\" content=\"SWmove\" \/>\n<meta property=\"article:modified_time\" content=\"2024-09-03T14:03:15+00:00\" \/>\n<meta name=\"twitter:card\" content=\"summary_large_image\" \/>\n<meta name=\"twitter:label1\" content=\"Tempo estimado de leitura\" \/>\n\t<meta name=\"twitter:data1\" content=\"2 minutos\" \/>\n<script type=\"application\/ld+json\" class=\"yoast-schema-graph\">{\"@context\":\"https:\\\/\\\/schema.org\",\"@graph\":[{\"@type\":\"WebPage\",\"@id\":\"https:\\\/\\\/swmove.com\\\/about-us\\\/\",\"url\":\"https:\\\/\\\/swmove.com\\\/about-us\\\/\",\"name\":\"About Us - SWmove Rent - A - Car\",\"isPartOf\":{\"@id\":\"https:\\\/\\\/swmove.com\\\/#website\"},\"datePublished\":\"2017-01-26T10:40:04+00:00\",\"dateModified\":\"2024-09-03T14:03:15+00:00\",\"breadcrumb\":{\"@id\":\"https:\\\/\\\/swmove.com\\\/about-us\\\/#breadcrumb\"},\"inLanguage\":\"pt-PT\",\"potentialAction\":[{\"@type\":\"ReadAction\",\"target\":[\"https:\\\/\\\/swmove.com\\\/about-us\\\/\"]}]},{\"@type\":\"BreadcrumbList\",\"@id\":\"https:\\\/\\\/swmove.com\\\/about-us\\\/#breadcrumb\",\"itemListElement\":[{\"@type\":\"ListItem\",\"position\":1,\"name\":\"Home\",\"item\":\"https:\\\/\\\/swmove.com\\\/\"},{\"@type\":\"ListItem\",\"position\":2,\"name\":\"About Us\"}]},{\"@type\":\"WebSite\",\"@id\":\"https:\\\/\\\/swmove.com\\\/#website\",\"url\":\"https:\\\/\\\/swmove.com\\\/\",\"name\":\"SWmove\",\"description\":\"\",\"publisher\":{\"@id\":\"https:\\\/\\\/swmove.com\\\/#organization\"},\"potentialAction\":[{\"@type\":\"SearchAction\",\"target\":{\"@type\":\"EntryPoint\",\"urlTemplate\":\"https:\\\/\\\/swmove.com\\\/?s={search_term_string}\"},\"query-input\":{\"@type\":\"PropertyValueSpecification\",\"valueRequired\":true,\"valueName\":\"search_term_string\"}}],\"inLanguage\":\"pt-PT\"},{\"@type\":\"Organization\",\"@id\":\"https:\\\/\\\/swmove.com\\\/#organization\",\"name\":\"SWmove\",\"url\":\"https:\\\/\\\/swmove.com\\\/\",\"logo\":{\"@type\":\"ImageObject\",\"inLanguage\":\"pt-PT\",\"@id\":\"https:\\\/\\\/swmove.com\\\/#\\\/schema\\\/logo\\\/image\\\/\",\"url\":\"https:\\\/\\\/swmove.com\\\/wp-content\\\/uploads\\\/2024\\\/05\\\/logo_color.png\",\"contentUrl\":\"https:\\\/\\\/swmove.com\\\/wp-content\\\/uploads\\\/2024\\\/05\\\/logo_color.png\",\"width\":294,\"height\":61,\"caption\":\"SWmove\"},\"image\":{\"@id\":\"https:\\\/\\\/swmove.com\\\/#\\\/schema\\\/logo\\\/image\\\/\"}}]}<\/script>\n<!-- \/ Yoast SEO plugin. -->","yoast_head_json":{"title":"About Us - SWmove Rent - A - Car","robots":{"index":"index","follow":"follow","max-snippet":"max-snippet:-1","max-image-preview":"max-image-preview:large","max-video-preview":"max-video-preview:-1"},"canonical":"https:\/\/swmove.com\/pt\/about-us\/","og_locale":"pt_PT","og_type":"article","og_title":"About Us - SWmove Rent - A - Car","og_url":"https:\/\/swmove.com\/pt\/about-us\/","og_site_name":"SWmove","article_modified_time":"2024-09-03T14:03:15+00:00","twitter_card":"summary_large_image","twitter_misc":{"Tempo estimado de leitura":"2 minutos"},"schema":{"@context":"https:\/\/schema.org","@graph":[{"@type":"WebPage","@id":"https:\/\/swmove.com\/about-us\/","url":"https:\/\/swmove.com\/about-us\/","name":"About Us - SWmove Rent - A - Car","isPartOf":{"@id":"https:\/\/swmove.com\/#website"},"datePublished":"2017-01-26T10:40:04+00:00","dateModified":"2024-09-03T14:03:15+00:00","breadcrumb":{"@id":"https:\/\/swmove.com\/about-us\/#breadcrumb"},"inLanguage":"pt-PT","potentialAction":[{"@type":"ReadAction","target":["https:\/\/swmove.com\/about-us\/"]}]},{"@type":"BreadcrumbList","@id":"https:\/\/swmove.com\/about-us\/#breadcrumb","itemListElement":[{"@type":"ListItem","position":1,"name":"Home","item":"https:\/\/swmove.com\/"},{"@type":"ListItem","position":2,"name":"About Us"}]},{"@type":"WebSite","@id":"https:\/\/swmove.com\/#website","url":"https:\/\/swmove.com\/","name":"SWmove","description":"","publisher":{"@id":"https:\/\/swmove.com\/#organization"},"potentialAction":[{"@type":"SearchAction","target":{"@type":"EntryPoint","urlTemplate":"https:\/\/swmove.com\/?s={search_term_string}"},"query-input":{"@type":"PropertyValueSpecification","valueRequired":true,"valueName":"search_term_string"}}],"inLanguage":"pt-PT"},{"@type":"Organization","@id":"https:\/\/swmove.com\/#organization","name":"SWmove","url":"https:\/\/swmove.com\/","logo":{"@type":"ImageObject","inLanguage":"pt-PT","@id":"https:\/\/swmove.com\/#\/schema\/logo\/image\/","url":"https:\/\/swmove.com\/wp-content\/uploads\/2024\/05\/logo_color.png","contentUrl":"https:\/\/swmove.com\/wp-content\/uploads\/2024\/05\/logo_color.png","width":294,"height":61,"caption":"SWmove"},"image":{"@id":"https:\/\/swmove.com\/#\/schema\/logo\/image\/"}}]}},"_links":{"self":[{"href":"https:\/\/swmove.com\/pt\/wp-json\/wp\/v2\/pages\/405","targetHints":{"allow":["GET"]}}],"collection":[{"href":"https:\/\/swmove.com\/pt\/wp-json\/wp\/v2\/pages"}],"about":[{"href":"https:\/\/swmove.com\/pt\/wp-json\/wp\/v2\/types\/page"}],"author":[{"embeddable":true,"href":"https:\/\/swmove.com\/pt\/wp-json\/wp\/v2\/users\/1"}],"replies":[{"embeddable":true,"href":"https:\/\/swmove.com\/pt\/wp-json\/wp\/v2\/comments?post=405"}],"version-history":[{"count":13,"href":"https:\/\/swmove.com\/pt\/wp-json\/wp\/v2\/pages\/405\/revisions"}],"predecessor-version":[{"id":804,"href":"https:\/\/swmove.com\/pt\/wp-json\/wp\/v2\/pages\/405\/revisions\/804"}],"wp:attachment":[{"href":"https:\/\/swmove.com\/pt\/wp-json\/wp\/v2\/media?parent=405"}],"curies":[{"name":"wp","href":"https:\/\/api.w.org\/{rel}","templated":true}]}}